{"id":8321,"date":"2022-08-10T15:46:00","date_gmt":"2022-08-10T15:46:00","guid":{"rendered":"https:\/\/prioratnatur.com\/ace\/"},"modified":"2026-02-24T14:24:27","modified_gmt":"2026-02-24T14:24:27","slug":"aceitunas-gordal-con-guindilla","status":"publish","type":"product","link":"https:\/\/prioratnatur.com\/es\/aceitunas-gordal-con-guindilla\/","title":{"rendered":"Aceitunas Gordal con guindilla"},"content":{"rendered":"","protected":false},"excerpt":{"rendered":"<p><strong><a href=\"https:\/\/prioratnatur.com\/es\/aceitunas\/\">Aceitunas <\/a>Gordal con guindilla, ideales para\u2026<\/strong> \u00a1impresionar a tus invitados con unas aceitunas tan diferentes y a la vez curiosas! Esta variedad no solo destaca por su tama\u00f1o; su textura fina y carnosa, junto con su sabor intenso, te har\u00e1n vivir una experiencia \u00fanica.<\/p>\n","protected":false},"featured_media":8318,"comment_status":"closed","ping_status":"closed","template":"","meta":{"_acf_changed":false,"inline_featured_image":false},"product_brand":[],"product_cat":[64],"product_tag":[],"class_list":{"0":"post-8321","1":"product","2":"type-product","3":"status-publish","4":"has-post-thumbnail","6":"product_cat-aceitunas","8":"first","9":"instock","10":"taxable","11":"shipping-taxable","12":"purchasable","13":"product-type-simple"},"acf":[],"_links":{"self":[{"href":"https:\/\/prioratnatur.com\/es\/wp-json\/wp\/v2\/product\/8321","targetHints":{"allow":["GET"]}}],"collection":[{"href":"https:\/\/prioratnatur.com\/es\/wp-json\/wp\/v2\/product"}],"about":[{"href":"https:\/\/prioratnatur.com\/es\/wp-json\/wp\/v2\/types\/product"}],"replies":[{"embeddable":true,"href":"https:\/\/prioratnatur.com\/es\/wp-json\/wp\/v2\/comments?post=8321"}],"version-history":[{"count":3,"href":"https:\/\/prioratnatur.com\/es\/wp-json\/wp\/v2\/product\/8321\/revisions"}],"predecessor-version":[{"id":21560,"href":"https:\/\/prioratnatur.com\/es\/wp-json\/wp\/v2\/product\/8321\/revisions\/21560"}],"wp:featuredmedia":[{"embeddable":true,"href":"https:\/\/prioratnatur.com\/es\/wp-json\/wp\/v2\/media\/8318"}],"wp:attachment":[{"href":"https:\/\/prioratnatur.com\/es\/wp-json\/wp\/v2\/media?parent=8321"}],"wp:term":[{"taxonomy":"product_brand","embeddable":true,"href":"https:\/\/prioratnatur.com\/es\/wp-json\/wp\/v2\/product_brand?post=8321"},{"taxonomy":"product_cat","embeddable":true,"href":"https:\/\/prioratnatur.com\/es\/wp-json\/wp\/v2\/product_cat?post=8321"},{"taxonomy":"product_tag","embeddable":true,"href":"https:\/\/prioratnatur.com\/es\/wp-json\/wp\/v2\/product_tag?post=8321"}],"curies":[{"name":"wp","href":"https:\/\/api.w.org\/{rel}","templated":true}]}}