{"id":8081,"date":"2022-07-12T16:59:29","date_gmt":"2022-07-12T16:59:29","guid":{"rendered":"https:\/\/prioratnatur.com\/bell-cros\/"},"modified":"2022-12-13T22:30:21","modified_gmt":"2022-12-13T22:30:21","slug":"bell-cros","status":"publish","type":"product","link":"https:\/\/prioratnatur.com\/es\/bell-cros\/","title":{"rendered":"Bell Cros: El Cam\u00ed 2018 tinto"},"content":{"rendered":"","protected":false},"excerpt":{"rendered":"<p>El Cam\u00ed es un peque\u00f1o y sinuoso camino que pasa por las vi\u00f1as de Bell Cros. Tuvo una gran importancia durante la guerra civil espa\u00f1ola, 1936-39, cuando la producci\u00f3n de vino en Espa\u00f1a pr\u00e1cticamente se paraliz\u00f3. Hoy en d\u00eda todav\u00eda quedan dos casas (mas\u00edas) al lado de la carretera y que tuvieron una funci\u00f3n importante durante la guerra como hospital y comedor.<\/p>\n","protected":false},"featured_media":8018,"comment_status":"open","ping_status":"closed","template":"","meta":{"_acf_changed":false,"inline_featured_image":false},"product_brand":[],"product_cat":[69],"product_tag":[191],"class_list":{"0":"post-8081","1":"product","2":"type-product","3":"status-publish","4":"has-post-thumbnail","6":"product_cat-vinos-priorat-y-productos-de-proximidad","7":"product_tag-vegano","9":"first","10":"instock","11":"taxable","12":"shipping-taxable","13":"purchasable","14":"product-type-simple"},"acf":[],"_links":{"self":[{"href":"https:\/\/prioratnatur.com\/es\/wp-json\/wp\/v2\/product\/8081","targetHints":{"allow":["GET"]}}],"collection":[{"href":"https:\/\/prioratnatur.com\/es\/wp-json\/wp\/v2\/product"}],"about":[{"href":"https:\/\/prioratnatur.com\/es\/wp-json\/wp\/v2\/types\/product"}],"replies":[{"embeddable":true,"href":"https:\/\/prioratnatur.com\/es\/wp-json\/wp\/v2\/comments?post=8081"}],"version-history":[{"count":0,"href":"https:\/\/prioratnatur.com\/es\/wp-json\/wp\/v2\/product\/8081\/revisions"}],"wp:featuredmedia":[{"embeddable":true,"href":"https:\/\/prioratnatur.com\/es\/wp-json\/wp\/v2\/media\/8018"}],"wp:attachment":[{"href":"https:\/\/prioratnatur.com\/es\/wp-json\/wp\/v2\/media?parent=8081"}],"wp:term":[{"taxonomy":"product_brand","embeddable":true,"href":"https:\/\/prioratnatur.com\/es\/wp-json\/wp\/v2\/product_brand?post=8081"},{"taxonomy":"product_cat","embeddable":true,"href":"https:\/\/prioratnatur.com\/es\/wp-json\/wp\/v2\/product_cat?post=8081"},{"taxonomy":"product_tag","embeddable":true,"href":"https:\/\/prioratnatur.com\/es\/wp-json\/wp\/v2\/product_tag?post=8081"}],"curies":[{"name":"wp","href":"https:\/\/api.w.org\/{rel}","templated":true}]}}