{"id":7834,"date":"2022-02-02T15:26:33","date_gmt":"2022-02-02T15:26:33","guid":{"rendered":"https:\/\/prioratnatur.com\/lote-sant-blai\/"},"modified":"2026-02-26T14:56:27","modified_gmt":"2026-02-26T14:56:27","slug":"lote-sant-blai","status":"publish","type":"product","link":"https:\/\/prioratnatur.com\/es\/lote-sant-blai\/","title":{"rendered":"Lote San Blai"},"content":{"rendered":"","protected":false},"excerpt":{"rendered":"<p><strong>El lote de <a href=\"https:\/\/www.falset.org\/festes-i-fires\/sant-blai\">San Blai <\/a>est\u00e1 compuesto por:<\/strong><\/p>\n<p>1 Vermut Priorat Natur 750ml<\/p>\n<p>1 Aceite Virgen Extra Neus 500ml<\/p>\n<p>1 almendras saladas 120g<\/p>\n<p>1 almendras garrapi\u00f1adas 190g<\/p>\n<p>1 pat\u00e9 de aceituna arbequina 135g<\/p>\n<p>1 lata bombones con cacao 80g<\/p>\n<p> Presentaci\u00f3n: caja b\u00e1sica de cart\u00f3n<\/p>\n","protected":false},"featured_media":5920,"comment_status":"open","ping_status":"closed","template":"","meta":{"_acf_changed":false,"inline_featured_image":false},"product_brand":[],"product_cat":[60],"product_tag":[168,170,261],"class_list":{"0":"post-7834","1":"product","2":"type-product","3":"status-publish","4":"has-post-thumbnail","6":"product_cat-packs-de-producto","7":"product_tag-caja-de-carton","8":"product_tag-de-50-a-100e","9":"product_tag-regalos","11":"first","12":"instock","13":"taxable","14":"shipping-taxable","15":"purchasable","16":"product-type-simple"},"acf":[],"_links":{"self":[{"href":"https:\/\/prioratnatur.com\/es\/wp-json\/wp\/v2\/product\/7834","targetHints":{"allow":["GET"]}}],"collection":[{"href":"https:\/\/prioratnatur.com\/es\/wp-json\/wp\/v2\/product"}],"about":[{"href":"https:\/\/prioratnatur.com\/es\/wp-json\/wp\/v2\/types\/product"}],"replies":[{"embeddable":true,"href":"https:\/\/prioratnatur.com\/es\/wp-json\/wp\/v2\/comments?post=7834"}],"version-history":[{"count":2,"href":"https:\/\/prioratnatur.com\/es\/wp-json\/wp\/v2\/product\/7834\/revisions"}],"predecessor-version":[{"id":21757,"href":"https:\/\/prioratnatur.com\/es\/wp-json\/wp\/v2\/product\/7834\/revisions\/21757"}],"wp:featuredmedia":[{"embeddable":true,"href":"https:\/\/prioratnatur.com\/es\/wp-json\/wp\/v2\/media\/5920"}],"wp:attachment":[{"href":"https:\/\/prioratnatur.com\/es\/wp-json\/wp\/v2\/media?parent=7834"}],"wp:term":[{"taxonomy":"product_brand","embeddable":true,"href":"https:\/\/prioratnatur.com\/es\/wp-json\/wp\/v2\/product_brand?post=7834"},{"taxonomy":"product_cat","embeddable":true,"href":"https:\/\/prioratnatur.com\/es\/wp-json\/wp\/v2\/product_cat?post=7834"},{"taxonomy":"product_tag","embeddable":true,"href":"https:\/\/prioratnatur.com\/es\/wp-json\/wp\/v2\/product_tag?post=7834"}],"curies":[{"name":"wp","href":"https:\/\/api.w.org\/{rel}","templated":true}]}}