{"id":7832,"date":"2022-02-01T17:37:10","date_gmt":"2022-02-01T17:37:10","guid":{"rendered":"https:\/\/prioratnatur.com\/fira-del-vi-gift-pack\/"},"modified":"2026-02-26T15:04:12","modified_gmt":"2026-02-26T15:04:12","slug":"fira-del-vi-gift-pack","status":"publish","type":"product","link":"https:\/\/prioratnatur.com\/es\/fira-del-vi-gift-pack\/","title":{"rendered":"Lote Feria del Vino"},"content":{"rendered":"","protected":false},"excerpt":{"rendered":"<p><strong>El Lote Feria del Vino est\u00e1 compuesto por:<\/strong><\/p>\n<p>1 botella vermut Priorat Natur 750ml<\/p>\n<p>1 botella vino Gin\u00e9 Gin\u00e9 (DOQ Priorat &#8211; Buil &amp; Gin\u00e9 750ml)<\/p>\n<p>1 botella vino Formiga tinto (DOQ Priroat &#8211; Clos Galena 750ml)<\/p>\n<p>1 botella vino Manou (DO Montsant &#8211; Gritelles 750ml)<\/p>\n<p>1 bote almendra salada 120g<\/p>\n<p>1 bote avellana garrapi\u00f1ada 120g<\/p>\n<p>1 bote aceitunas arbequinas 220g en seco<\/p>\n<p><strong>Presentaci\u00f3n:<\/strong> caja b\u00e1sica de cart\u00f3n<\/p>\n","protected":false},"featured_media":4584,"comment_status":"open","ping_status":"closed","template":"","meta":{"_acf_changed":false,"inline_featured_image":false},"product_brand":[],"product_cat":[60],"product_tag":[168,170],"class_list":{"0":"post-7832","1":"product","2":"type-product","3":"status-publish","4":"has-post-thumbnail","6":"product_cat-packs-de-producto","7":"product_tag-caja-de-carton","8":"product_tag-de-50-a-100e","10":"first","11":"instock","12":"taxable","13":"shipping-taxable","14":"purchasable","15":"product-type-simple"},"acf":[],"_links":{"self":[{"href":"https:\/\/prioratnatur.com\/es\/wp-json\/wp\/v2\/product\/7832","targetHints":{"allow":["GET"]}}],"collection":[{"href":"https:\/\/prioratnatur.com\/es\/wp-json\/wp\/v2\/product"}],"about":[{"href":"https:\/\/prioratnatur.com\/es\/wp-json\/wp\/v2\/types\/product"}],"replies":[{"embeddable":true,"href":"https:\/\/prioratnatur.com\/es\/wp-json\/wp\/v2\/comments?post=7832"}],"version-history":[{"count":2,"href":"https:\/\/prioratnatur.com\/es\/wp-json\/wp\/v2\/product\/7832\/revisions"}],"predecessor-version":[{"id":21759,"href":"https:\/\/prioratnatur.com\/es\/wp-json\/wp\/v2\/product\/7832\/revisions\/21759"}],"wp:featuredmedia":[{"embeddable":true,"href":"https:\/\/prioratnatur.com\/es\/wp-json\/wp\/v2\/media\/4584"}],"wp:attachment":[{"href":"https:\/\/prioratnatur.com\/es\/wp-json\/wp\/v2\/media?parent=7832"}],"wp:term":[{"taxonomy":"product_brand","embeddable":true,"href":"https:\/\/prioratnatur.com\/es\/wp-json\/wp\/v2\/product_brand?post=7832"},{"taxonomy":"product_cat","embeddable":true,"href":"https:\/\/prioratnatur.com\/es\/wp-json\/wp\/v2\/product_cat?post=7832"},{"taxonomy":"product_tag","embeddable":true,"href":"https:\/\/prioratnatur.com\/es\/wp-json\/wp\/v2\/product_tag?post=7832"}],"curies":[{"name":"wp","href":"https:\/\/api.w.org\/{rel}","templated":true}]}}