{"id":7491,"date":"2022-01-27T17:41:19","date_gmt":"2022-01-27T17:41:19","guid":{"rendered":"https:\/\/prioratnatur.com\/joan-gine-negro\/"},"modified":"2025-10-31T17:11:11","modified_gmt":"2025-10-31T17:11:11","slug":"joan-gine-tinto","status":"publish","type":"product","link":"https:\/\/prioratnatur.com\/es\/joan-gine-tinto\/","title":{"rendered":"Joan Gin\u00e9 tinto"},"content":{"rendered":"","protected":false},"excerpt":{"rendered":"<p><strong>Joan Gin\u00e9. Buil &amp; Gin\u00e9. Vino tinto crianza de la DOCa Priorat.<\/strong><\/p>\n<p>Vino estructurado, persistente, lleno, voluptuoso y largo.<\/p>\n<p>Perfecto para maridar con carnes rojas, algunos quesos curados y foie.<\/p>\n<p>Ideal con estofados, guisos, confit y salsas con un punto amargo (naranja, chocolate negro amargo o almendras).<\/p>\n<p>Excelente relaci\u00f3n calidad precio.<\/p>\n","protected":false},"featured_media":4575,"comment_status":"open","ping_status":"closed","template":"","meta":{"_acf_changed":false,"inline_featured_image":false},"product_brand":[],"product_cat":[69],"product_tag":[191],"class_list":{"0":"post-7491","1":"product","2":"type-product","3":"status-publish","4":"has-post-thumbnail","6":"product_cat-vinos-priorat-y-productos-de-proximidad","7":"product_tag-vegano","9":"first","10":"instock","11":"taxable","12":"shipping-taxable","13":"purchasable","14":"product-type-simple"},"acf":[],"_links":{"self":[{"href":"https:\/\/prioratnatur.com\/es\/wp-json\/wp\/v2\/product\/7491","targetHints":{"allow":["GET"]}}],"collection":[{"href":"https:\/\/prioratnatur.com\/es\/wp-json\/wp\/v2\/product"}],"about":[{"href":"https:\/\/prioratnatur.com\/es\/wp-json\/wp\/v2\/types\/product"}],"replies":[{"embeddable":true,"href":"https:\/\/prioratnatur.com\/es\/wp-json\/wp\/v2\/comments?post=7491"}],"version-history":[{"count":0,"href":"https:\/\/prioratnatur.com\/es\/wp-json\/wp\/v2\/product\/7491\/revisions"}],"wp:featuredmedia":[{"embeddable":true,"href":"https:\/\/prioratnatur.com\/es\/wp-json\/wp\/v2\/media\/4575"}],"wp:attachment":[{"href":"https:\/\/prioratnatur.com\/es\/wp-json\/wp\/v2\/media?parent=7491"}],"wp:term":[{"taxonomy":"product_brand","embeddable":true,"href":"https:\/\/prioratnatur.com\/es\/wp-json\/wp\/v2\/product_brand?post=7491"},{"taxonomy":"product_cat","embeddable":true,"href":"https:\/\/prioratnatur.com\/es\/wp-json\/wp\/v2\/product_cat?post=7491"},{"taxonomy":"product_tag","embeddable":true,"href":"https:\/\/prioratnatur.com\/es\/wp-json\/wp\/v2\/product_tag?post=7491"}],"curies":[{"name":"wp","href":"https:\/\/api.w.org\/{rel}","templated":true}]}}