{"id":7485,"date":"2022-01-27T17:32:27","date_gmt":"2022-01-27T17:32:27","guid":{"rendered":"https:\/\/prioratnatur.com\/joan-gine-blanco\/"},"modified":"2023-08-11T15:10:51","modified_gmt":"2023-08-11T15:10:51","slug":"joan-gine-blanco","status":"publish","type":"product","link":"https:\/\/prioratnatur.com\/es\/joan-gine-blanco\/","title":{"rendered":"Joan Gin\u00e9 blanco"},"content":{"rendered":"","protected":false},"excerpt":{"rendered":"<p><strong>Joan Gin\u00e9 Blanc. Buil &amp; Gin\u00e9. Vino blanco crianza de la DOCa Priorat.<\/strong><\/p>\n<p>Es un vino para tomar fr\u00edo, pero que en muchos casos podemos utilizar como un tinto.<\/p>\n<p>Vino afrutado, tropical, maduro, untuoso y carnoso.<\/p>\n<p>Recomendamos maridarlo con pescado, marisco, carnes blancas, verduras y frutas.<\/p>\n<p>Ideal con comidas a la plancha, al horno, al vapor y hervidas.<\/p>\n","protected":false},"featured_media":4562,"comment_status":"open","ping_status":"closed","template":"","meta":{"_acf_changed":false,"inline_featured_image":false},"product_brand":[],"product_cat":[69],"product_tag":[191],"class_list":{"0":"post-7485","1":"product","2":"type-product","3":"status-publish","4":"has-post-thumbnail","6":"product_cat-vinos-priorat-y-productos-de-proximidad","7":"product_tag-vegano","9":"first","10":"instock","11":"taxable","12":"shipping-taxable","13":"purchasable","14":"product-type-simple"},"acf":[],"_links":{"self":[{"href":"https:\/\/prioratnatur.com\/es\/wp-json\/wp\/v2\/product\/7485","targetHints":{"allow":["GET"]}}],"collection":[{"href":"https:\/\/prioratnatur.com\/es\/wp-json\/wp\/v2\/product"}],"about":[{"href":"https:\/\/prioratnatur.com\/es\/wp-json\/wp\/v2\/types\/product"}],"replies":[{"embeddable":true,"href":"https:\/\/prioratnatur.com\/es\/wp-json\/wp\/v2\/comments?post=7485"}],"version-history":[{"count":0,"href":"https:\/\/prioratnatur.com\/es\/wp-json\/wp\/v2\/product\/7485\/revisions"}],"wp:featuredmedia":[{"embeddable":true,"href":"https:\/\/prioratnatur.com\/es\/wp-json\/wp\/v2\/media\/4562"}],"wp:attachment":[{"href":"https:\/\/prioratnatur.com\/es\/wp-json\/wp\/v2\/media?parent=7485"}],"wp:term":[{"taxonomy":"product_brand","embeddable":true,"href":"https:\/\/prioratnatur.com\/es\/wp-json\/wp\/v2\/product_brand?post=7485"},{"taxonomy":"product_cat","embeddable":true,"href":"https:\/\/prioratnatur.com\/es\/wp-json\/wp\/v2\/product_cat?post=7485"},{"taxonomy":"product_tag","embeddable":true,"href":"https:\/\/prioratnatur.com\/es\/wp-json\/wp\/v2\/product_tag?post=7485"}],"curies":[{"name":"wp","href":"https:\/\/api.w.org\/{rel}","templated":true}]}}