{"id":7476,"date":"2022-01-26T17:46:15","date_gmt":"2022-01-26T17:46:15","guid":{"rendered":"https:\/\/prioratnatur.com\/gine-gine-negro\/"},"modified":"2025-07-01T13:39:32","modified_gmt":"2025-07-01T13:39:32","slug":"gine-gine-negro","status":"publish","type":"product","link":"https:\/\/prioratnatur.com\/es\/gine-gine-negro\/","title":{"rendered":"Gin\u00e9 Gin\u00e9 tinto"},"content":{"rendered":"","protected":false},"excerpt":{"rendered":"<p><strong>Gin\u00e9 Gin\u00e9. Buil &amp; Gin\u00e9. Vino tinto joven de la DOCa Priorat.<\/strong><\/p>\n<p>Este vino representa la esencia del Priorat.<\/p>\n<p>Mineral y afrutado, se caracteriza por su versatilidad.<\/p>\n<p>Ideal para maridar con estofados y cocidos, risottos, comidas especiadas, pescados carnosos o pasteler\u00eda.<\/p>\n","protected":false},"featured_media":4536,"comment_status":"open","ping_status":"closed","template":"","meta":{"_acf_changed":false,"inline_featured_image":false},"product_brand":[],"product_cat":[69],"product_tag":[191],"class_list":{"0":"post-7476","1":"product","2":"type-product","3":"status-publish","4":"has-post-thumbnail","6":"product_cat-vinos-priorat-y-productos-de-proximidad","7":"product_tag-vegano","9":"first","10":"instock","11":"taxable","12":"shipping-taxable","13":"purchasable","14":"product-type-simple"},"acf":[],"_links":{"self":[{"href":"https:\/\/prioratnatur.com\/es\/wp-json\/wp\/v2\/product\/7476","targetHints":{"allow":["GET"]}}],"collection":[{"href":"https:\/\/prioratnatur.com\/es\/wp-json\/wp\/v2\/product"}],"about":[{"href":"https:\/\/prioratnatur.com\/es\/wp-json\/wp\/v2\/types\/product"}],"replies":[{"embeddable":true,"href":"https:\/\/prioratnatur.com\/es\/wp-json\/wp\/v2\/comments?post=7476"}],"version-history":[{"count":0,"href":"https:\/\/prioratnatur.com\/es\/wp-json\/wp\/v2\/product\/7476\/revisions"}],"wp:featuredmedia":[{"embeddable":true,"href":"https:\/\/prioratnatur.com\/es\/wp-json\/wp\/v2\/media\/4536"}],"wp:attachment":[{"href":"https:\/\/prioratnatur.com\/es\/wp-json\/wp\/v2\/media?parent=7476"}],"wp:term":[{"taxonomy":"product_brand","embeddable":true,"href":"https:\/\/prioratnatur.com\/es\/wp-json\/wp\/v2\/product_brand?post=7476"},{"taxonomy":"product_cat","embeddable":true,"href":"https:\/\/prioratnatur.com\/es\/wp-json\/wp\/v2\/product_cat?post=7476"},{"taxonomy":"product_tag","embeddable":true,"href":"https:\/\/prioratnatur.com\/es\/wp-json\/wp\/v2\/product_tag?post=7476"}],"curies":[{"name":"wp","href":"https:\/\/api.w.org\/{rel}","templated":true}]}}