{"id":5884,"date":"2022-02-02T16:20:41","date_gmt":"2022-02-02T16:20:41","guid":{"rendered":"https:\/\/prioratnatur.com\/libro-del-priorat\/"},"modified":"2026-02-26T15:51:45","modified_gmt":"2026-02-26T15:51:45","slug":"libro-del-priorat","status":"publish","type":"product","link":"https:\/\/prioratnatur.com\/es\/libro-del-priorat\/","title":{"rendered":"Libro del Priorat"},"content":{"rendered":"","protected":false},"excerpt":{"rendered":"<p>Ll\u00e9vate el Priorat a casa.<\/p>\n<p>Con este libro disfrutar\u00e1s, siempre que quieras, de la esencia de nuestra comarca. Descubre el Priorat a trav\u00e9s de fant\u00e1sticas fotograf\u00edas que evidencian la belleza paisaj\u00edstica de la regi\u00f3n y su arraigada tradici\u00f3n vin\u00edcola. Es necesario tener en cuenta el idioma, disponible en Catal\u00e1n\/Ingl\u00e9s o Castellano\/Ingl\u00e9s. Al realizar el pedido, se debe especificar el idioma deseado.   <\/p>\n<p><strong>\u00a1Un libro perfecto para regalar!<\/strong><\/p>\n","protected":false},"featured_media":4686,"comment_status":"open","ping_status":"closed","template":"","meta":{"_acf_changed":false,"inline_featured_image":false},"product_brand":[],"product_cat":[65],"product_tag":[],"class_list":{"0":"post-5884","1":"product","2":"type-product","3":"status-publish","4":"has-post-thumbnail","6":"product_cat-recuerdos-del-priorat","8":"first","9":"instock","10":"taxable","11":"shipping-taxable","12":"purchasable","13":"product-type-variable"},"acf":[],"_links":{"self":[{"href":"https:\/\/prioratnatur.com\/es\/wp-json\/wp\/v2\/product\/5884","targetHints":{"allow":["GET"]}}],"collection":[{"href":"https:\/\/prioratnatur.com\/es\/wp-json\/wp\/v2\/product"}],"about":[{"href":"https:\/\/prioratnatur.com\/es\/wp-json\/wp\/v2\/types\/product"}],"replies":[{"embeddable":true,"href":"https:\/\/prioratnatur.com\/es\/wp-json\/wp\/v2\/comments?post=5884"}],"version-history":[{"count":1,"href":"https:\/\/prioratnatur.com\/es\/wp-json\/wp\/v2\/product\/5884\/revisions"}],"predecessor-version":[{"id":21784,"href":"https:\/\/prioratnatur.com\/es\/wp-json\/wp\/v2\/product\/5884\/revisions\/21784"}],"wp:featuredmedia":[{"embeddable":true,"href":"https:\/\/prioratnatur.com\/es\/wp-json\/wp\/v2\/media\/4686"}],"wp:attachment":[{"href":"https:\/\/prioratnatur.com\/es\/wp-json\/wp\/v2\/media?parent=5884"}],"wp:term":[{"taxonomy":"product_brand","embeddable":true,"href":"https:\/\/prioratnatur.com\/es\/wp-json\/wp\/v2\/product_brand?post=5884"},{"taxonomy":"product_cat","embeddable":true,"href":"https:\/\/prioratnatur.com\/es\/wp-json\/wp\/v2\/product_cat?post=5884"},{"taxonomy":"product_tag","embeddable":true,"href":"https:\/\/prioratnatur.com\/es\/wp-json\/wp\/v2\/product_tag?post=5884"}],"curies":[{"name":"wp","href":"https:\/\/api.w.org\/{rel}","templated":true}]}}