{"id":5883,"date":"2022-02-02T16:23:41","date_gmt":"2022-02-02T16:23:41","guid":{"rendered":"https:\/\/prioratnatur.com\/taza-priorat-natur\/"},"modified":"2026-02-26T15:53:50","modified_gmt":"2026-02-26T15:53:50","slug":"taza-priorat-natur","status":"publish","type":"product","link":"https:\/\/prioratnatur.com\/es\/taza-priorat-natur\/","title":{"rendered":"Taza Priorat Natur"},"content":{"rendered":"","protected":false},"excerpt":{"rendered":"<h1>Taza \u00abAl pot petit hi ha la bona confitura\u00bb<\/h1>\n<div id=\"short_description_content\" class=\"rte align_justify\">\n<p>\u00bfEres de los que disfrutan con los refranes de toda la vida? Entonces esta es tu taza: \u00abAl pot petit hi ha la bona confitura\u00bb (En el tarro peque\u00f1o est\u00e1 la buena mermelada), una de esas frases que tantas veces hemos o\u00eddo de boca de nuestras madres y abuelas. <\/p>\n<\/div>\n","protected":false},"featured_media":4641,"comment_status":"open","ping_status":"closed","template":"","meta":{"_acf_changed":false,"inline_featured_image":false},"product_brand":[],"product_cat":[65],"product_tag":[],"class_list":{"0":"post-5883","1":"product","2":"type-product","3":"status-publish","4":"has-post-thumbnail","6":"product_cat-recuerdos-del-priorat","8":"first","9":"instock","10":"taxable","11":"shipping-taxable","12":"purchasable","13":"product-type-simple"},"acf":[],"_links":{"self":[{"href":"https:\/\/prioratnatur.com\/es\/wp-json\/wp\/v2\/product\/5883","targetHints":{"allow":["GET"]}}],"collection":[{"href":"https:\/\/prioratnatur.com\/es\/wp-json\/wp\/v2\/product"}],"about":[{"href":"https:\/\/prioratnatur.com\/es\/wp-json\/wp\/v2\/types\/product"}],"replies":[{"embeddable":true,"href":"https:\/\/prioratnatur.com\/es\/wp-json\/wp\/v2\/comments?post=5883"}],"version-history":[{"count":1,"href":"https:\/\/prioratnatur.com\/es\/wp-json\/wp\/v2\/product\/5883\/revisions"}],"predecessor-version":[{"id":21785,"href":"https:\/\/prioratnatur.com\/es\/wp-json\/wp\/v2\/product\/5883\/revisions\/21785"}],"wp:featuredmedia":[{"embeddable":true,"href":"https:\/\/prioratnatur.com\/es\/wp-json\/wp\/v2\/media\/4641"}],"wp:attachment":[{"href":"https:\/\/prioratnatur.com\/es\/wp-json\/wp\/v2\/media?parent=5883"}],"wp:term":[{"taxonomy":"product_brand","embeddable":true,"href":"https:\/\/prioratnatur.com\/es\/wp-json\/wp\/v2\/product_brand?post=5883"},{"taxonomy":"product_cat","embeddable":true,"href":"https:\/\/prioratnatur.com\/es\/wp-json\/wp\/v2\/product_cat?post=5883"},{"taxonomy":"product_tag","embeddable":true,"href":"https:\/\/prioratnatur.com\/es\/wp-json\/wp\/v2\/product_tag?post=5883"}],"curies":[{"name":"wp","href":"https:\/\/api.w.org\/{rel}","templated":true}]}}