{"id":5881,"date":"2022-02-02T16:16:01","date_gmt":"2022-02-02T16:16:01","guid":{"rendered":"https:\/\/prioratnatur.com\/postales-natalia-sanhauges\/"},"modified":"2026-02-26T15:25:47","modified_gmt":"2026-02-26T15:25:47","slug":"postales-natalia-sanhauges","status":"publish","type":"product","link":"https:\/\/prioratnatur.com\/es\/postales-natalia-sanhauges\/","title":{"rendered":"Postales Nat\u00e0lia Sanhauges"},"content":{"rendered":"","protected":false},"excerpt":{"rendered":"<p>Nat\u00e0lia es una pintora e ilustradora procedente de una familia que se dedicaba a la venta del vino. Este fue el incentivo que la llev\u00f3 a pintar las \u00abdones del vi\u00bb (mujeres del vino); un recuerdo de infancia rodeado de vinos de todo tipo y mujeres de todo tipo. <\/p>\n<p>La raz\u00f3n por la que \u00ablas mujeres del vino\u00bb tienen unas dimensiones considerables, tal y como la misma artista llama, es que tienen que ver con la mirada de una ni\u00f1a peque\u00f1a en una bodega donde todas las mujeres que entraban all\u00ed le parec\u00edan descomunales , gigantescas y con unos senos inalcanzables.<\/p>\n","protected":false},"featured_media":4632,"comment_status":"open","ping_status":"closed","template":"","meta":{"_acf_changed":false,"inline_featured_image":false},"product_brand":[],"product_cat":[65],"product_tag":[],"class_list":{"0":"post-5881","1":"product","2":"type-product","3":"status-publish","4":"has-post-thumbnail","6":"product_cat-recuerdos-del-priorat","8":"first","9":"instock","10":"taxable","11":"shipping-taxable","12":"purchasable","13":"product-type-variable"},"acf":[],"_links":{"self":[{"href":"https:\/\/prioratnatur.com\/es\/wp-json\/wp\/v2\/product\/5881","targetHints":{"allow":["GET"]}}],"collection":[{"href":"https:\/\/prioratnatur.com\/es\/wp-json\/wp\/v2\/product"}],"about":[{"href":"https:\/\/prioratnatur.com\/es\/wp-json\/wp\/v2\/types\/product"}],"replies":[{"embeddable":true,"href":"https:\/\/prioratnatur.com\/es\/wp-json\/wp\/v2\/comments?post=5881"}],"version-history":[{"count":1,"href":"https:\/\/prioratnatur.com\/es\/wp-json\/wp\/v2\/product\/5881\/revisions"}],"predecessor-version":[{"id":21783,"href":"https:\/\/prioratnatur.com\/es\/wp-json\/wp\/v2\/product\/5881\/revisions\/21783"}],"wp:featuredmedia":[{"embeddable":true,"href":"https:\/\/prioratnatur.com\/es\/wp-json\/wp\/v2\/media\/4632"}],"wp:attachment":[{"href":"https:\/\/prioratnatur.com\/es\/wp-json\/wp\/v2\/media?parent=5881"}],"wp:term":[{"taxonomy":"product_brand","embeddable":true,"href":"https:\/\/prioratnatur.com\/es\/wp-json\/wp\/v2\/product_brand?post=5881"},{"taxonomy":"product_cat","embeddable":true,"href":"https:\/\/prioratnatur.com\/es\/wp-json\/wp\/v2\/product_cat?post=5881"},{"taxonomy":"product_tag","embeddable":true,"href":"https:\/\/prioratnatur.com\/es\/wp-json\/wp\/v2\/product_tag?post=5881"}],"curies":[{"name":"wp","href":"https:\/\/api.w.org\/{rel}","templated":true}]}}