{"id":4304,"date":"2021-10-23T16:39:49","date_gmt":"2021-10-23T16:39:49","guid":{"rendered":"https:\/\/prioratnatur.com\/aceitunas-gordal\/"},"modified":"2026-04-02T09:17:44","modified_gmt":"2026-04-02T09:17:44","slug":"aceitunas-gordal","status":"publish","type":"product","link":"https:\/\/prioratnatur.com\/es\/aceitunas-gordal\/","title":{"rendered":"Aceitunas Gordal"},"content":{"rendered":"","protected":false},"excerpt":{"rendered":"<p><strong>\u00a1IDEALES PARA\u2026<\/strong> impresionar a tus invitados con unas aceitunas tan diferentes y a la vez curiosas!<br \/>\nEsta variedad no solo destaca por su tama\u00f1o; su textura fina y carnosa, junto con su sabor intenso, te har\u00e1 vivir una experiencia \u00fanica.<\/p>\n","protected":false},"featured_media":3079,"comment_status":"open","ping_status":"closed","template":"","meta":{"_acf_changed":false,"inline_featured_image":false},"product_brand":[],"product_cat":[64],"product_tag":[],"class_list":{"0":"post-4304","1":"product","2":"type-product","3":"status-publish","4":"has-post-thumbnail","6":"product_cat-aceitunas","8":"first","9":"instock","10":"taxable","11":"shipping-taxable","12":"purchasable","13":"product-type-variable"},"acf":[],"_links":{"self":[{"href":"https:\/\/prioratnatur.com\/es\/wp-json\/wp\/v2\/product\/4304","targetHints":{"allow":["GET"]}}],"collection":[{"href":"https:\/\/prioratnatur.com\/es\/wp-json\/wp\/v2\/product"}],"about":[{"href":"https:\/\/prioratnatur.com\/es\/wp-json\/wp\/v2\/types\/product"}],"replies":[{"embeddable":true,"href":"https:\/\/prioratnatur.com\/es\/wp-json\/wp\/v2\/comments?post=4304"}],"version-history":[{"count":3,"href":"https:\/\/prioratnatur.com\/es\/wp-json\/wp\/v2\/product\/4304\/revisions"}],"predecessor-version":[{"id":21565,"href":"https:\/\/prioratnatur.com\/es\/wp-json\/wp\/v2\/product\/4304\/revisions\/21565"}],"wp:featuredmedia":[{"embeddable":true,"href":"https:\/\/prioratnatur.com\/es\/wp-json\/wp\/v2\/media\/3079"}],"wp:attachment":[{"href":"https:\/\/prioratnatur.com\/es\/wp-json\/wp\/v2\/media?parent=4304"}],"wp:term":[{"taxonomy":"product_brand","embeddable":true,"href":"https:\/\/prioratnatur.com\/es\/wp-json\/wp\/v2\/product_brand?post=4304"},{"taxonomy":"product_cat","embeddable":true,"href":"https:\/\/prioratnatur.com\/es\/wp-json\/wp\/v2\/product_cat?post=4304"},{"taxonomy":"product_tag","embeddable":true,"href":"https:\/\/prioratnatur.com\/es\/wp-json\/wp\/v2\/product_tag?post=4304"}],"curies":[{"name":"wp","href":"https:\/\/api.w.org\/{rel}","templated":true}]}}