{"id":4271,"date":"2021-11-11T10:59:34","date_gmt":"2021-11-11T10:59:34","guid":{"rendered":"https:\/\/prioratnatur.com\/aceitunas-gordal-25kg\/"},"modified":"2026-03-29T18:40:43","modified_gmt":"2026-03-29T18:40:43","slug":"aceitunas-gordal-25kg","status":"publish","type":"product","link":"https:\/\/prioratnatur.com\/es\/aceitunas-gordal-25kg\/","title":{"rendered":"Aceitunas Gordal 2,5kg"},"content":{"rendered":"\n<p>,<\/p>\n","protected":false},"excerpt":{"rendered":"<p><strong>IDEALES PARA\u2026<\/strong> impresionar a tus invitados con unas aceitunas tan diferentes y, a la vez, curiosas. \u00a1Esta variedad no solo destaca por su tama\u00f1o; su textura fina y carnosa, junto con su sabor intenso, te har\u00e1n vivir una experiencia \u00fanica! Solo para aquellos que se consideren m\u00e1s valientes.  <\/p>\n","protected":false},"featured_media":6895,"comment_status":"open","ping_status":"closed","template":"","meta":{"_acf_changed":false,"inline_featured_image":false},"product_brand":[],"product_cat":[58],"product_tag":[],"class_list":{"0":"post-4271","1":"product","2":"type-product","3":"status-publish","4":"has-post-thumbnail","6":"product_cat-gran-formato","8":"first","9":"instock","10":"taxable","11":"shipping-taxable","12":"purchasable","13":"product-type-simple"},"acf":[],"_links":{"self":[{"href":"https:\/\/prioratnatur.com\/es\/wp-json\/wp\/v2\/product\/4271","targetHints":{"allow":["GET"]}}],"collection":[{"href":"https:\/\/prioratnatur.com\/es\/wp-json\/wp\/v2\/product"}],"about":[{"href":"https:\/\/prioratnatur.com\/es\/wp-json\/wp\/v2\/types\/product"}],"replies":[{"embeddable":true,"href":"https:\/\/prioratnatur.com\/es\/wp-json\/wp\/v2\/comments?post=4271"}],"version-history":[{"count":1,"href":"https:\/\/prioratnatur.com\/es\/wp-json\/wp\/v2\/product\/4271\/revisions"}],"predecessor-version":[{"id":21704,"href":"https:\/\/prioratnatur.com\/es\/wp-json\/wp\/v2\/product\/4271\/revisions\/21704"}],"wp:featuredmedia":[{"embeddable":true,"href":"https:\/\/prioratnatur.com\/es\/wp-json\/wp\/v2\/media\/6895"}],"wp:attachment":[{"href":"https:\/\/prioratnatur.com\/es\/wp-json\/wp\/v2\/media?parent=4271"}],"wp:term":[{"taxonomy":"product_brand","embeddable":true,"href":"https:\/\/prioratnatur.com\/es\/wp-json\/wp\/v2\/product_brand?post=4271"},{"taxonomy":"product_cat","embeddable":true,"href":"https:\/\/prioratnatur.com\/es\/wp-json\/wp\/v2\/product_cat?post=4271"},{"taxonomy":"product_tag","embeddable":true,"href":"https:\/\/prioratnatur.com\/es\/wp-json\/wp\/v2\/product_tag?post=4271"}],"curies":[{"name":"wp","href":"https:\/\/api.w.org\/{rel}","templated":true}]}}