{"id":4268,"date":"2021-11-02T14:25:26","date_gmt":"2021-11-02T14:25:26","guid":{"rendered":"https:\/\/prioratnatur.com\/bombon-almendra-marcona-glace-80g\/"},"modified":"2026-02-13T16:25:13","modified_gmt":"2026-02-13T16:25:13","slug":"bombon-almendra-marcona-glace-80g","status":"publish","type":"product","link":"https:\/\/prioratnatur.com\/es\/bombon-almendra-marcona-glace-80g\/","title":{"rendered":"Bomb\u00f3n Almendra Marcona Glac\u00e9 80g"},"content":{"rendered":"","protected":false},"excerpt":{"rendered":"<p><strong>El Bomb\u00f3n de Almendra Marcona Glac\u00e9 80g es ideal para&#8230; <\/strong>picar, picar y picar, y hacer as\u00ed de peque\u00f1os momentos, momentos inolvidables. Geniales para acompa\u00f1ar el caf\u00e9 o una copa de vino, o para las sobremesas m\u00e1s dulces.  Puede decorar y complementar muchos postres, una copa de nata o un pastel. <\/p>\n<p>SIMPLEMENTE EXTRAORDINARIO&#8230; DISFRUTA DE ESTE GRAN PLACER!<\/p>\n<p>Nuestra almendra garrapi\u00f1ada ba\u00f1ada con un excelente chocolate negro y recubierta de az\u00facar glass.<\/p>\n<p>Descubre nuestro bomb\u00f3n de almendra marcona, la <strong>catania del Priorat!<\/strong><\/p>\n","protected":false},"featured_media":6877,"comment_status":"open","ping_status":"closed","template":"","meta":{"_acf_changed":false,"inline_featured_image":false},"product_brand":[],"product_cat":[57],"product_tag":[],"class_list":{"0":"post-4268","1":"product","2":"type-product","3":"status-publish","4":"has-post-thumbnail","6":"product_cat-frutos-secos","8":"first","9":"instock","10":"taxable","11":"shipping-taxable","12":"purchasable","13":"product-type-simple"},"acf":[],"_links":{"self":[{"href":"https:\/\/prioratnatur.com\/es\/wp-json\/wp\/v2\/product\/4268","targetHints":{"allow":["GET"]}}],"collection":[{"href":"https:\/\/prioratnatur.com\/es\/wp-json\/wp\/v2\/product"}],"about":[{"href":"https:\/\/prioratnatur.com\/es\/wp-json\/wp\/v2\/types\/product"}],"replies":[{"embeddable":true,"href":"https:\/\/prioratnatur.com\/es\/wp-json\/wp\/v2\/comments?post=4268"}],"version-history":[{"count":5,"href":"https:\/\/prioratnatur.com\/es\/wp-json\/wp\/v2\/product\/4268\/revisions"}],"predecessor-version":[{"id":21534,"href":"https:\/\/prioratnatur.com\/es\/wp-json\/wp\/v2\/product\/4268\/revisions\/21534"}],"wp:featuredmedia":[{"embeddable":true,"href":"https:\/\/prioratnatur.com\/es\/wp-json\/wp\/v2\/media\/6877"}],"wp:attachment":[{"href":"https:\/\/prioratnatur.com\/es\/wp-json\/wp\/v2\/media?parent=4268"}],"wp:term":[{"taxonomy":"product_brand","embeddable":true,"href":"https:\/\/prioratnatur.com\/es\/wp-json\/wp\/v2\/product_brand?post=4268"},{"taxonomy":"product_cat","embeddable":true,"href":"https:\/\/prioratnatur.com\/es\/wp-json\/wp\/v2\/product_cat?post=4268"},{"taxonomy":"product_tag","embeddable":true,"href":"https:\/\/prioratnatur.com\/es\/wp-json\/wp\/v2\/product_tag?post=4268"}],"curies":[{"name":"wp","href":"https:\/\/api.w.org\/{rel}","templated":true}]}}