{"id":4266,"date":"2021-10-27T14:28:40","date_gmt":"2021-10-27T14:28:40","guid":{"rendered":"https:\/\/prioratnatur.com\/aceite-virgen-extra-neus-100ml\/"},"modified":"2026-03-16T11:33:31","modified_gmt":"2026-03-16T11:33:31","slug":"aceite-virgen-extra-neus-100ml","status":"publish","type":"product","link":"https:\/\/prioratnatur.com\/es\/aceite-virgen-extra-neus-100ml\/","title":{"rendered":"Aceite Virgen Extra Neus 100ml"},"content":{"rendered":"","protected":false},"excerpt":{"rendered":"<p>Aceite de Oliva Virgen Extra Neus 100ml: ideal para llev\u00e1rtelo de viaje y no tener que facturar tu maleta. Ll\u00e9vate un trocito del Priorat all\u00ed donde desees. <\/p>\n<p>Un aceite frutado y sedoso que aportar\u00e1 un toque de exquisitez a tus platos. Su intensidad, combinada con su dulzor, ofrece aromas que recuerdan al pl\u00e1tano, la manzana, el tomate y los frutos secos. <\/p>\n<p><strong>\u00a1Pru\u00e9balo! <\/strong><\/p>\n<p><strong> <\/strong><\/p>\n","protected":false},"featured_media":6981,"comment_status":"open","ping_status":"closed","template":"","meta":{"_acf_changed":false,"inline_featured_image":false},"product_brand":[],"product_cat":[63],"product_tag":[],"class_list":{"0":"post-4266","1":"product","2":"type-product","3":"status-publish","4":"has-post-thumbnail","6":"product_cat-aceite-oliva-virgen-extra","8":"first","9":"instock","10":"taxable","11":"shipping-taxable","12":"purchasable","13":"product-type-simple"},"acf":[],"_links":{"self":[{"href":"https:\/\/prioratnatur.com\/es\/wp-json\/wp\/v2\/product\/4266","targetHints":{"allow":["GET"]}}],"collection":[{"href":"https:\/\/prioratnatur.com\/es\/wp-json\/wp\/v2\/product"}],"about":[{"href":"https:\/\/prioratnatur.com\/es\/wp-json\/wp\/v2\/types\/product"}],"replies":[{"embeddable":true,"href":"https:\/\/prioratnatur.com\/es\/wp-json\/wp\/v2\/comments?post=4266"}],"version-history":[{"count":3,"href":"https:\/\/prioratnatur.com\/es\/wp-json\/wp\/v2\/product\/4266\/revisions"}],"predecessor-version":[{"id":21719,"href":"https:\/\/prioratnatur.com\/es\/wp-json\/wp\/v2\/product\/4266\/revisions\/21719"}],"wp:featuredmedia":[{"embeddable":true,"href":"https:\/\/prioratnatur.com\/es\/wp-json\/wp\/v2\/media\/6981"}],"wp:attachment":[{"href":"https:\/\/prioratnatur.com\/es\/wp-json\/wp\/v2\/media?parent=4266"}],"wp:term":[{"taxonomy":"product_brand","embeddable":true,"href":"https:\/\/prioratnatur.com\/es\/wp-json\/wp\/v2\/product_brand?post=4266"},{"taxonomy":"product_cat","embeddable":true,"href":"https:\/\/prioratnatur.com\/es\/wp-json\/wp\/v2\/product_cat?post=4266"},{"taxonomy":"product_tag","embeddable":true,"href":"https:\/\/prioratnatur.com\/es\/wp-json\/wp\/v2\/product_tag?post=4266"}],"curies":[{"name":"wp","href":"https:\/\/api.w.org\/{rel}","templated":true}]}}