{"id":4262,"date":"2021-10-26T15:57:09","date_gmt":"2021-10-26T15:57:09","guid":{"rendered":"https:\/\/prioratnatur.com\/aceitunas-negras-empeltre-25kg\/"},"modified":"2026-02-24T16:25:04","modified_gmt":"2026-02-24T16:25:04","slug":"aceitunas-negras-empeltre-25kg","status":"publish","type":"product","link":"https:\/\/prioratnatur.com\/es\/aceitunas-negras-empeltre-25kg\/","title":{"rendered":"Aceitunas Negras Empeltre 2,5kg"},"content":{"rendered":"","protected":false},"excerpt":{"rendered":"<p><strong>IDEALES PARA<\/strong>&#8230; una ensalada, una \u00abesqueixada\u00bb de bacalao, una pizza o para aperitivo.<\/p>\n<p>Unas aceitunas de textura fina y suave, y al mismo tiempo muy sabrosas. 100% naturales, sin colorantes, maduradas en el \u00e1rbol. <\/p>\n<p>Nuestras aceitunas negras se dejan madurar en el \u00e1rbol hasta alcanzar el punto \u00f3ptimo para ser cosechadas. Las recogemos y seleccionamos manualmente, dando inicio a su proceso de elaboraci\u00f3n. <\/p>\n<p>Senzillamente deliciosas!<\/p>\n","protected":false},"featured_media":3056,"comment_status":"open","ping_status":"closed","template":"","meta":{"_acf_changed":false,"inline_featured_image":false},"product_brand":[],"product_cat":[58],"product_tag":[],"class_list":{"0":"post-4262","1":"product","2":"type-product","3":"status-publish","4":"has-post-thumbnail","6":"product_cat-gran-formato","8":"first","9":"instock","10":"taxable","11":"shipping-taxable","12":"purchasable","13":"product-type-simple"},"acf":[],"_links":{"self":[{"href":"https:\/\/prioratnatur.com\/es\/wp-json\/wp\/v2\/product\/4262","targetHints":{"allow":["GET"]}}],"collection":[{"href":"https:\/\/prioratnatur.com\/es\/wp-json\/wp\/v2\/product"}],"about":[{"href":"https:\/\/prioratnatur.com\/es\/wp-json\/wp\/v2\/types\/product"}],"replies":[{"embeddable":true,"href":"https:\/\/prioratnatur.com\/es\/wp-json\/wp\/v2\/comments?post=4262"}],"version-history":[{"count":1,"href":"https:\/\/prioratnatur.com\/es\/wp-json\/wp\/v2\/product\/4262\/revisions"}],"predecessor-version":[{"id":21695,"href":"https:\/\/prioratnatur.com\/es\/wp-json\/wp\/v2\/product\/4262\/revisions\/21695"}],"wp:featuredmedia":[{"embeddable":true,"href":"https:\/\/prioratnatur.com\/es\/wp-json\/wp\/v2\/media\/3056"}],"wp:attachment":[{"href":"https:\/\/prioratnatur.com\/es\/wp-json\/wp\/v2\/media?parent=4262"}],"wp:term":[{"taxonomy":"product_brand","embeddable":true,"href":"https:\/\/prioratnatur.com\/es\/wp-json\/wp\/v2\/product_brand?post=4262"},{"taxonomy":"product_cat","embeddable":true,"href":"https:\/\/prioratnatur.com\/es\/wp-json\/wp\/v2\/product_cat?post=4262"},{"taxonomy":"product_tag","embeddable":true,"href":"https:\/\/prioratnatur.com\/es\/wp-json\/wp\/v2\/product_tag?post=4262"}],"curies":[{"name":"wp","href":"https:\/\/api.w.org\/{rel}","templated":true}]}}