{"id":4261,"date":"2021-10-26T15:21:35","date_gmt":"2021-10-26T15:21:35","guid":{"rendered":"https:\/\/prioratnatur.com\/aceitunas-partidas-25kg\/"},"modified":"2026-02-24T15:48:13","modified_gmt":"2026-02-24T15:48:13","slug":"aceitunas-partidas-25kg","status":"publish","type":"product","link":"https:\/\/prioratnatur.com\/es\/aceitunas-partidas-25kg\/","title":{"rendered":"Aceitunas Partidas 2,5kg"},"content":{"rendered":"","protected":false},"excerpt":{"rendered":"<p><strong>IDEALES PARA&#8230;<\/strong> acompa\u00f1ar una ensalada, como complemento de una torta o pizza o simplemente para picar y picar sin cesar.<\/p>\n<p>Tienen un sabor intenso y son muy carnosas. Sin conservantes ni colorantes 100% naturales. Se elaboran seg\u00fan t\u00e9cnicas tradicionales de la comarca.  <\/p>\n<p>Disfruta de nuestras aceitunas rotas procedentes mayoritariamente de Arag\u00f3n. Cosechadas a mano directamente del \u00e1rbol, seleccionadas entre las de mejor calidad y rotas antes de ser curadas para que cojan m\u00e1s sabor. <\/p>\n","protected":false},"featured_media":3066,"comment_status":"open","ping_status":"closed","template":"","meta":{"_acf_changed":false,"inline_featured_image":false},"product_brand":[],"product_cat":[58],"product_tag":[],"class_list":{"0":"post-4261","1":"product","2":"type-product","3":"status-publish","4":"has-post-thumbnail","6":"product_cat-gran-formato","8":"first","9":"instock","10":"taxable","11":"shipping-taxable","12":"purchasable","13":"product-type-simple"},"acf":[],"_links":{"self":[{"href":"https:\/\/prioratnatur.com\/es\/wp-json\/wp\/v2\/product\/4261","targetHints":{"allow":["GET"]}}],"collection":[{"href":"https:\/\/prioratnatur.com\/es\/wp-json\/wp\/v2\/product"}],"about":[{"href":"https:\/\/prioratnatur.com\/es\/wp-json\/wp\/v2\/types\/product"}],"replies":[{"embeddable":true,"href":"https:\/\/prioratnatur.com\/es\/wp-json\/wp\/v2\/comments?post=4261"}],"version-history":[{"count":1,"href":"https:\/\/prioratnatur.com\/es\/wp-json\/wp\/v2\/product\/4261\/revisions"}],"predecessor-version":[{"id":21687,"href":"https:\/\/prioratnatur.com\/es\/wp-json\/wp\/v2\/product\/4261\/revisions\/21687"}],"wp:featuredmedia":[{"embeddable":true,"href":"https:\/\/prioratnatur.com\/es\/wp-json\/wp\/v2\/media\/3066"}],"wp:attachment":[{"href":"https:\/\/prioratnatur.com\/es\/wp-json\/wp\/v2\/media?parent=4261"}],"wp:term":[{"taxonomy":"product_brand","embeddable":true,"href":"https:\/\/prioratnatur.com\/es\/wp-json\/wp\/v2\/product_brand?post=4261"},{"taxonomy":"product_cat","embeddable":true,"href":"https:\/\/prioratnatur.com\/es\/wp-json\/wp\/v2\/product_cat?post=4261"},{"taxonomy":"product_tag","embeddable":true,"href":"https:\/\/prioratnatur.com\/es\/wp-json\/wp\/v2\/product_tag?post=4261"}],"curies":[{"name":"wp","href":"https:\/\/api.w.org\/{rel}","templated":true}]}}