{"id":4258,"date":"2021-10-25T15:55:08","date_gmt":"2021-10-25T15:55:08","guid":{"rendered":"https:\/\/prioratnatur.com\/bombon-almendra-marcona-cacao-2kg\/"},"modified":"2026-02-24T16:39:32","modified_gmt":"2026-02-24T16:39:32","slug":"bombon-almendra-marcona-cacao-2kg","status":"publish","type":"product","link":"https:\/\/prioratnatur.com\/es\/bombon-almendra-marcona-cacao-2kg\/","title":{"rendered":"Bomb\u00f3n Almendra Marcona Cacao 2kg"},"content":{"rendered":"","protected":false},"excerpt":{"rendered":"<p><strong>IDEAL PARA\u2026<\/strong> picar, picar y picar, convirtiendo as\u00ed peque\u00f1os momentos en momentos inolvidables. Geniales para acompa\u00f1ar el caf\u00e9 o una copa de vino, o para las sobremesas m\u00e1s dulces. Puede decorar y complementar muchos postres, una copa de nata o un pastel.<\/p>\n<p>SIMPLEMENTE EXTRAORDINARIO&#8230; DISFRUTA DE ESTE GRAN PLACER!<\/p>\n<p>Nuestra almendra garrapi\u00f1ada ba\u00f1ada con un excelente chocolate negro y recubierta de cacao.<\/p>\n<p>Descubre nuestro bomb\u00f3n de almendra marcona, la catania del Priorat!<\/p>\n","protected":false},"featured_media":6944,"comment_status":"open","ping_status":"closed","template":"","meta":{"_acf_changed":false,"inline_featured_image":false},"product_brand":[],"product_cat":[58],"product_tag":[],"class_list":{"0":"post-4258","1":"product","2":"type-product","3":"status-publish","4":"has-post-thumbnail","6":"product_cat-gran-formato","8":"first","9":"instock","10":"taxable","11":"shipping-taxable","12":"purchasable","13":"product-type-simple"},"acf":[],"_links":{"self":[{"href":"https:\/\/prioratnatur.com\/es\/wp-json\/wp\/v2\/product\/4258","targetHints":{"allow":["GET"]}}],"collection":[{"href":"https:\/\/prioratnatur.com\/es\/wp-json\/wp\/v2\/product"}],"about":[{"href":"https:\/\/prioratnatur.com\/es\/wp-json\/wp\/v2\/types\/product"}],"replies":[{"embeddable":true,"href":"https:\/\/prioratnatur.com\/es\/wp-json\/wp\/v2\/comments?post=4258"}],"version-history":[{"count":1,"href":"https:\/\/prioratnatur.com\/es\/wp-json\/wp\/v2\/product\/4258\/revisions"}],"predecessor-version":[{"id":21700,"href":"https:\/\/prioratnatur.com\/es\/wp-json\/wp\/v2\/product\/4258\/revisions\/21700"}],"wp:featuredmedia":[{"embeddable":true,"href":"https:\/\/prioratnatur.com\/es\/wp-json\/wp\/v2\/media\/6944"}],"wp:attachment":[{"href":"https:\/\/prioratnatur.com\/es\/wp-json\/wp\/v2\/media?parent=4258"}],"wp:term":[{"taxonomy":"product_brand","embeddable":true,"href":"https:\/\/prioratnatur.com\/es\/wp-json\/wp\/v2\/product_brand?post=4258"},{"taxonomy":"product_cat","embeddable":true,"href":"https:\/\/prioratnatur.com\/es\/wp-json\/wp\/v2\/product_cat?post=4258"},{"taxonomy":"product_tag","embeddable":true,"href":"https:\/\/prioratnatur.com\/es\/wp-json\/wp\/v2\/product_tag?post=4258"}],"curies":[{"name":"wp","href":"https:\/\/api.w.org\/{rel}","templated":true}]}}