{"id":4257,"date":"2021-10-25T15:48:46","date_gmt":"2021-10-25T15:48:46","guid":{"rendered":"https:\/\/prioratnatur.com\/vermut-priorat-natur\/"},"modified":"2025-12-12T17:42:44","modified_gmt":"2025-12-12T17:42:44","slug":"vermut-priorat-natur","status":"publish","type":"product","link":"https:\/\/prioratnatur.com\/es\/vermut-priorat-natur\/","title":{"rendered":"Vermut Priorat Natur"},"content":{"rendered":"","protected":false},"excerpt":{"rendered":"<p><strong>El Vermut Priorat Natur es ideal para&#8230;<\/strong>\u00a0\u00a0tomar como aperitivo antes de una comida. Puedes acompa\u00f1arlo con aceitunas o con frutos secos tostados y salados. Tambi\u00e9n marida perfectamente con platos de pescado o marisco. Si te gusta el dulce, puedes tomarlo de postre acompa\u00f1ando una tarta de chocolate.<\/p>\n<p>Recomendamos que lo consumas fr\u00edo, solo o con hielo, y con una rodaja de lim\u00f3n o naranja si lo prefieres.<\/p>\n<p>El nuestro es un vermut aut\u00e9ntico, que recuerda a los de toda la vida, pero m\u00e1s fino y elegante. Es intenso, arom\u00e1tico, dulce i con un toque amargo al final que le aporta frescor.<\/p>\n<p><strong>\u00a1D\u00c9JATE ENAMORAR POR ESTE AUT\u00c9NTICO VERMUT!<\/strong><\/p>\n","protected":false},"featured_media":3147,"comment_status":"open","ping_status":"closed","template":"","meta":{"_acf_changed":false,"inline_featured_image":false},"product_brand":[],"product_cat":[68],"product_tag":[292],"class_list":{"0":"post-4257","1":"product","2":"type-product","3":"status-publish","4":"has-post-thumbnail","6":"product_cat-vermut-del-priorat","7":"product_tag-estrella-es","9":"first","10":"instock","11":"taxable","12":"shipping-taxable","13":"purchasable","14":"product-type-simple"},"acf":[],"_links":{"self":[{"href":"https:\/\/prioratnatur.com\/es\/wp-json\/wp\/v2\/product\/4257","targetHints":{"allow":["GET"]}}],"collection":[{"href":"https:\/\/prioratnatur.com\/es\/wp-json\/wp\/v2\/product"}],"about":[{"href":"https:\/\/prioratnatur.com\/es\/wp-json\/wp\/v2\/types\/product"}],"replies":[{"embeddable":true,"href":"https:\/\/prioratnatur.com\/es\/wp-json\/wp\/v2\/comments?post=4257"}],"version-history":[{"count":1,"href":"https:\/\/prioratnatur.com\/es\/wp-json\/wp\/v2\/product\/4257\/revisions"}],"predecessor-version":[{"id":13701,"href":"https:\/\/prioratnatur.com\/es\/wp-json\/wp\/v2\/product\/4257\/revisions\/13701"}],"wp:featuredmedia":[{"embeddable":true,"href":"https:\/\/prioratnatur.com\/es\/wp-json\/wp\/v2\/media\/3147"}],"wp:attachment":[{"href":"https:\/\/prioratnatur.com\/es\/wp-json\/wp\/v2\/media?parent=4257"}],"wp:term":[{"taxonomy":"product_brand","embeddable":true,"href":"https:\/\/prioratnatur.com\/es\/wp-json\/wp\/v2\/product_brand?post=4257"},{"taxonomy":"product_cat","embeddable":true,"href":"https:\/\/prioratnatur.com\/es\/wp-json\/wp\/v2\/product_cat?post=4257"},{"taxonomy":"product_tag","embeddable":true,"href":"https:\/\/prioratnatur.com\/es\/wp-json\/wp\/v2\/product_tag?post=4257"}],"curies":[{"name":"wp","href":"https:\/\/api.w.org\/{rel}","templated":true}]}}