{"id":4254,"date":"2021-10-25T14:27:22","date_gmt":"2021-10-25T14:27:22","guid":{"rendered":"https:\/\/prioratnatur.com\/aceite-virgen-extra-neus-especial\/"},"modified":"2026-02-25T14:46:03","modified_gmt":"2026-02-25T14:46:03","slug":"aceite-virgen-extra-neus-especial","status":"publish","type":"product","link":"https:\/\/prioratnatur.com\/es\/aceite-virgen-extra-neus-especial\/","title":{"rendered":"Aceite Virgen Extra \u00abNeus Especial\u00bb 500ml"},"content":{"rendered":"\n<p><\/p>\n\n\n\n<p><\/p>\n","protected":false},"excerpt":{"rendered":"<p style=\"text-align: justify;\">Oli Verge Extra Neus Espedial, <strong>gaudeix del primer oli de l&#8217;any!<\/strong><\/p>\n<p style=\"text-align: justify;\">L&#8217;oli que anomenem Neus Especial, \u00e9s un oli 100% Extra Verge, sense filtrar i de producci\u00f3 limitada, ja que prov\u00e9 de la primera premsada en fred de les olives acabades de collir. Normalment, es trobar\u00e0 disponible de l&#8217;octubre al gener. <\/p>\n<p style=\"text-align: justify;\">\u00c9s un oli que destaca per la seva eleg\u00e0ncia i el seu gust que no et deixar\u00e0 indiferent. Des del Priorat Natur et recomanem que l&#8217;utilitzis per a les amanides o les torrades amb pa i tom\u00e0quet, de forma crua, per gaudir-ne del seu gust al 100%. <\/p>\n<p style=\"text-align: justify;\"><strong>No el deixis escapar! Pensa que hi ha molt poques ampolles! <\/strong><strong>La presentaci\u00f3 de l&#8217;oli Neus Especial pot ser en ampolla fosca o transparent.<\/strong><\/p>\n","protected":false},"featured_media":16157,"comment_status":"open","ping_status":"closed","template":"","meta":{"_acf_changed":false,"inline_featured_image":false},"product_brand":[],"product_cat":[63],"product_tag":[340],"class_list":{"0":"post-4254","1":"product","2":"type-product","3":"status-publish","4":"has-post-thumbnail","6":"product_cat-aceite-oliva-virgen-extra","7":"product_tag-aceiteestrella","9":"first","10":"outofstock","11":"taxable","12":"shipping-taxable","13":"purchasable","14":"product-type-variable"},"acf":[],"_links":{"self":[{"href":"https:\/\/prioratnatur.com\/es\/wp-json\/wp\/v2\/product\/4254","targetHints":{"allow":["GET"]}}],"collection":[{"href":"https:\/\/prioratnatur.com\/es\/wp-json\/wp\/v2\/product"}],"about":[{"href":"https:\/\/prioratnatur.com\/es\/wp-json\/wp\/v2\/types\/product"}],"replies":[{"embeddable":true,"href":"https:\/\/prioratnatur.com\/es\/wp-json\/wp\/v2\/comments?post=4254"}],"version-history":[{"count":8,"href":"https:\/\/prioratnatur.com\/es\/wp-json\/wp\/v2\/product\/4254\/revisions"}],"predecessor-version":[{"id":21721,"href":"https:\/\/prioratnatur.com\/es\/wp-json\/wp\/v2\/product\/4254\/revisions\/21721"}],"wp:featuredmedia":[{"embeddable":true,"href":"https:\/\/prioratnatur.com\/es\/wp-json\/wp\/v2\/media\/16157"}],"wp:attachment":[{"href":"https:\/\/prioratnatur.com\/es\/wp-json\/wp\/v2\/media?parent=4254"}],"wp:term":[{"taxonomy":"product_brand","embeddable":true,"href":"https:\/\/prioratnatur.com\/es\/wp-json\/wp\/v2\/product_brand?post=4254"},{"taxonomy":"product_cat","embeddable":true,"href":"https:\/\/prioratnatur.com\/es\/wp-json\/wp\/v2\/product_cat?post=4254"},{"taxonomy":"product_tag","embeddable":true,"href":"https:\/\/prioratnatur.com\/es\/wp-json\/wp\/v2\/product_tag?post=4254"}],"curies":[{"name":"wp","href":"https:\/\/api.w.org\/{rel}","templated":true}]}}