{"id":4249,"date":"2021-10-25T13:31:31","date_gmt":"2021-10-25T13:31:31","guid":{"rendered":"https:\/\/prioratnatur.com\/lata-aceite-virgen-extra-priorat-natur\/"},"modified":"2026-02-13T17:09:55","modified_gmt":"2026-02-13T17:09:55","slug":"lata-aceite-virgen-extra-priorat-natur","status":"publish","type":"product","link":"https:\/\/prioratnatur.com\/es\/lata-aceite-virgen-extra-priorat-natur\/","title":{"rendered":"Aceite Virgen Extra Priorat Natur"},"content":{"rendered":"","protected":false},"excerpt":{"rendered":"<p style=\"text-align: justify;\"><strong>Aceite Virgen Extra Priorat Natur es IDEAL PARA<\/strong>&#8230; acompa\u00f1ar cualquier tipo de carne o pescado, tambi\u00e9n para verduras o ensalada. Si quieres, puedes cocinar y fre\u00edr con el aceite Priorat Natur.<\/p>\n<p style=\"text-align: justify;\">El aceite Priorat Natur es excelente para consumir a diario. Su sabor dulce y afrutado nos recuerda a frutos secos, tomate y manzana. Ali\u00f1a tus platos favoritos con este aceite arbequ\u00edn de m\u00e1xima calidad. Es un aceite virgen extra de aceitunas arbequinas del Priorat. Es afrutado, dulce y con un toque picante al final.<\/p>\n<p style=\"text-align: justify;\"><strong>\u00a1Est\u00e1 buen\u00edsimo! <\/strong><\/p>\n","protected":false},"featured_media":7016,"comment_status":"open","ping_status":"closed","template":"","meta":{"_acf_changed":false,"inline_featured_image":false},"product_brand":[],"product_cat":[63],"product_tag":[340,292],"class_list":{"0":"post-4249","1":"product","2":"type-product","3":"status-publish","4":"has-post-thumbnail","6":"product_cat-aceite-oliva-virgen-extra","7":"product_tag-aceiteestrella","8":"product_tag-estrella-es","10":"first","11":"instock","12":"taxable","13":"shipping-taxable","14":"purchasable","15":"product-type-variable"},"acf":[],"_links":{"self":[{"href":"https:\/\/prioratnatur.com\/es\/wp-json\/wp\/v2\/product\/4249","targetHints":{"allow":["GET"]}}],"collection":[{"href":"https:\/\/prioratnatur.com\/es\/wp-json\/wp\/v2\/product"}],"about":[{"href":"https:\/\/prioratnatur.com\/es\/wp-json\/wp\/v2\/types\/product"}],"replies":[{"embeddable":true,"href":"https:\/\/prioratnatur.com\/es\/wp-json\/wp\/v2\/comments?post=4249"}],"version-history":[{"count":4,"href":"https:\/\/prioratnatur.com\/es\/wp-json\/wp\/v2\/product\/4249\/revisions"}],"predecessor-version":[{"id":21536,"href":"https:\/\/prioratnatur.com\/es\/wp-json\/wp\/v2\/product\/4249\/revisions\/21536"}],"wp:featuredmedia":[{"embeddable":true,"href":"https:\/\/prioratnatur.com\/es\/wp-json\/wp\/v2\/media\/7016"}],"wp:attachment":[{"href":"https:\/\/prioratnatur.com\/es\/wp-json\/wp\/v2\/media?parent=4249"}],"wp:term":[{"taxonomy":"product_brand","embeddable":true,"href":"https:\/\/prioratnatur.com\/es\/wp-json\/wp\/v2\/product_brand?post=4249"},{"taxonomy":"product_cat","embeddable":true,"href":"https:\/\/prioratnatur.com\/es\/wp-json\/wp\/v2\/product_cat?post=4249"},{"taxonomy":"product_tag","embeddable":true,"href":"https:\/\/prioratnatur.com\/es\/wp-json\/wp\/v2\/product_tag?post=4249"}],"curies":[{"name":"wp","href":"https:\/\/api.w.org\/{rel}","templated":true}]}}