{"id":4229,"date":"2021-10-23T11:58:41","date_gmt":"2021-10-23T11:58:41","guid":{"rendered":"https:\/\/prioratnatur.com\/aceitunas-negras-empeltre\/"},"modified":"2026-03-15T14:14:41","modified_gmt":"2026-03-15T14:14:41","slug":"aceitunas-negras-empeltre","status":"publish","type":"product","link":"https:\/\/prioratnatur.com\/es\/aceitunas-negras-empeltre\/","title":{"rendered":"Aceitunas Negras Empeltre"},"content":{"rendered":"<p><br data-mce-bogus=\"1\"><\/p>\n","protected":false},"excerpt":{"rendered":"<p><strong>IDEALES PARA&#8230; <\/strong>una ensalada, una \u00abesqueixad de bacalao\u00bb, una pizza o por aperitivo .<\/p>\n<p>Unas aceitunas de textura fina y suaves, a la vez que muy sabrosas. 100% naturales, sin colorantes, maduradas en el \u00e1rbol. <\/p>\n<p>Nuestras aceitunas negras se dejan madurar en el \u00e1rbol hasta que alcanzan el punto \u00f3ptimo para ser cosechadas. Las recogemos y seleccionamos manualmente y comienza su proceso de elaboraci\u00f3n. <\/p>\n<p>\u00a1Sencillamente deliciosas!<\/p>\n","protected":false},"featured_media":6835,"comment_status":"open","ping_status":"closed","template":"","meta":{"_acf_changed":false,"inline_featured_image":false},"product_brand":[],"product_cat":[64],"product_tag":[],"class_list":{"0":"post-4229","1":"product","2":"type-product","3":"status-publish","4":"has-post-thumbnail","6":"product_cat-aceitunas","8":"first","9":"instock","10":"taxable","11":"shipping-taxable","12":"purchasable","13":"product-type-variable"},"acf":[],"_links":{"self":[{"href":"https:\/\/prioratnatur.com\/es\/wp-json\/wp\/v2\/product\/4229","targetHints":{"allow":["GET"]}}],"collection":[{"href":"https:\/\/prioratnatur.com\/es\/wp-json\/wp\/v2\/product"}],"about":[{"href":"https:\/\/prioratnatur.com\/es\/wp-json\/wp\/v2\/types\/product"}],"replies":[{"embeddable":true,"href":"https:\/\/prioratnatur.com\/es\/wp-json\/wp\/v2\/comments?post=4229"}],"version-history":[{"count":4,"href":"https:\/\/prioratnatur.com\/es\/wp-json\/wp\/v2\/product\/4229\/revisions"}],"predecessor-version":[{"id":21548,"href":"https:\/\/prioratnatur.com\/es\/wp-json\/wp\/v2\/product\/4229\/revisions\/21548"}],"wp:featuredmedia":[{"embeddable":true,"href":"https:\/\/prioratnatur.com\/es\/wp-json\/wp\/v2\/media\/6835"}],"wp:attachment":[{"href":"https:\/\/prioratnatur.com\/es\/wp-json\/wp\/v2\/media?parent=4229"}],"wp:term":[{"taxonomy":"product_brand","embeddable":true,"href":"https:\/\/prioratnatur.com\/es\/wp-json\/wp\/v2\/product_brand?post=4229"},{"taxonomy":"product_cat","embeddable":true,"href":"https:\/\/prioratnatur.com\/es\/wp-json\/wp\/v2\/product_cat?post=4229"},{"taxonomy":"product_tag","embeddable":true,"href":"https:\/\/prioratnatur.com\/es\/wp-json\/wp\/v2\/product_tag?post=4229"}],"curies":[{"name":"wp","href":"https:\/\/api.w.org\/{rel}","templated":true}]}}