{"id":4216,"date":"2021-10-22T15:48:21","date_gmt":"2021-10-22T15:48:21","guid":{"rendered":"https:\/\/prioratnatur.com\/miel-de-romero\/"},"modified":"2026-02-24T16:53:53","modified_gmt":"2026-02-24T16:53:53","slug":"miel-de-romero","status":"publish","type":"product","link":"https:\/\/prioratnatur.com\/es\/miel-de-romero\/","title":{"rendered":"Miel de Romero"},"content":{"rendered":"","protected":false},"excerpt":{"rendered":"<p><strong>La Miel de Romero es ideal para&#8230;<\/strong> acompa\u00f1ar un yogur, un reques\u00f3n, un t\u00e9 o un vaso de leche. Puedes elaborar una excelente vinagreta de miel para dar un toque a las ensaladas, a la carne o al pescado. Es un ingrediente que puede aportar un toque diferente a nuestra cocina.  <\/p>\n<p>Una miel de sabor dulce y suave, con ligeras notas \u00e1cidas y aroma tenue.<\/p>\n<p>La miel<strong> <\/strong>Es, b\u00e1sicamente, un reconstituyente energ\u00e9tico y, adem\u00e1s, cabe destacar su poder antis\u00e9ptico contra afecciones bronquiales y de la garganta.<\/p>\n<p><strong>\u00a1Pru\u00e9bala, a tu garganta le sentar\u00e1 genial!<\/strong><\/p>\n","protected":false},"featured_media":3035,"comment_status":"open","ping_status":"closed","template":"","meta":{"_acf_changed":false,"inline_featured_image":false},"product_brand":[],"product_cat":[61],"product_tag":[],"class_list":{"0":"post-4216","1":"product","2":"type-product","3":"status-publish","4":"has-post-thumbnail","6":"product_cat-miel","8":"first","9":"instock","10":"taxable","11":"shipping-taxable","12":"purchasable","13":"product-type-simple"},"acf":[],"_links":{"self":[{"href":"https:\/\/prioratnatur.com\/es\/wp-json\/wp\/v2\/product\/4216","targetHints":{"allow":["GET"]}}],"collection":[{"href":"https:\/\/prioratnatur.com\/es\/wp-json\/wp\/v2\/product"}],"about":[{"href":"https:\/\/prioratnatur.com\/es\/wp-json\/wp\/v2\/types\/product"}],"replies":[{"embeddable":true,"href":"https:\/\/prioratnatur.com\/es\/wp-json\/wp\/v2\/comments?post=4216"}],"version-history":[{"count":3,"href":"https:\/\/prioratnatur.com\/es\/wp-json\/wp\/v2\/product\/4216\/revisions"}],"predecessor-version":[{"id":21706,"href":"https:\/\/prioratnatur.com\/es\/wp-json\/wp\/v2\/product\/4216\/revisions\/21706"}],"wp:featuredmedia":[{"embeddable":true,"href":"https:\/\/prioratnatur.com\/es\/wp-json\/wp\/v2\/media\/3035"}],"wp:attachment":[{"href":"https:\/\/prioratnatur.com\/es\/wp-json\/wp\/v2\/media?parent=4216"}],"wp:term":[{"taxonomy":"product_brand","embeddable":true,"href":"https:\/\/prioratnatur.com\/es\/wp-json\/wp\/v2\/product_brand?post=4216"},{"taxonomy":"product_cat","embeddable":true,"href":"https:\/\/prioratnatur.com\/es\/wp-json\/wp\/v2\/product_cat?post=4216"},{"taxonomy":"product_tag","embeddable":true,"href":"https:\/\/prioratnatur.com\/es\/wp-json\/wp\/v2\/product_tag?post=4216"}],"curies":[{"name":"wp","href":"https:\/\/api.w.org\/{rel}","templated":true}]}}