{"id":4214,"date":"2021-10-22T15:35:46","date_gmt":"2021-10-22T15:35:46","guid":{"rendered":"https:\/\/prioratnatur.com\/miel-del-monsant\/"},"modified":"2026-02-24T16:51:27","modified_gmt":"2026-02-24T16:51:27","slug":"miel-del-monsant","status":"publish","type":"product","link":"https:\/\/prioratnatur.com\/es\/miel-del-monsant\/","title":{"rendered":"Miel Mil Flores"},"content":{"rendered":"","protected":false},"excerpt":{"rendered":"<p><strong>Esta miel es ideal para..<\/strong>. acompa\u00f1ar cualquier infusi\u00f3n, leche, yogur o reques\u00f3n. Resulta perfecta para elaborar vinagretas de miel y acompa\u00f1ar as\u00ed una ensalada o un plato de carne o de pescado. <\/p>\n<p>Es una miel suave con gusto dulce y floral y un aroma multifloral.<\/p>\n<p>La miel<strong> <\/strong>es, b\u00e1sicamente, un reconstituyente energ\u00e9tico y, adem\u00e1s, cabe destacar su poder antis\u00e9ptico contra afecciones bronquiales y de la garganta.<\/p>\n<p><strong>\u00a1Pru\u00e9bala, a tu garganta le sentar\u00e1 genial! <\/strong><\/p>\n","protected":false},"featured_media":18236,"comment_status":"open","ping_status":"closed","template":"","meta":{"_acf_changed":false,"inline_featured_image":false},"product_brand":[],"product_cat":[61],"product_tag":[317,315,316,318,191],"class_list":{"0":"post-4214","1":"product","2":"type-product","3":"status-publish","4":"has-post-thumbnail","6":"product_cat-miel","7":"product_tag-km0-es","8":"product_tag-miel","9":"product_tag-miel-mil-flores","10":"product_tag-priorat-es","11":"product_tag-vegano","13":"first","14":"instock","15":"taxable","16":"shipping-taxable","17":"purchasable","18":"product-type-simple"},"acf":[],"_links":{"self":[{"href":"https:\/\/prioratnatur.com\/es\/wp-json\/wp\/v2\/product\/4214","targetHints":{"allow":["GET"]}}],"collection":[{"href":"https:\/\/prioratnatur.com\/es\/wp-json\/wp\/v2\/product"}],"about":[{"href":"https:\/\/prioratnatur.com\/es\/wp-json\/wp\/v2\/types\/product"}],"replies":[{"embeddable":true,"href":"https:\/\/prioratnatur.com\/es\/wp-json\/wp\/v2\/comments?post=4214"}],"version-history":[{"count":3,"href":"https:\/\/prioratnatur.com\/es\/wp-json\/wp\/v2\/product\/4214\/revisions"}],"predecessor-version":[{"id":21705,"href":"https:\/\/prioratnatur.com\/es\/wp-json\/wp\/v2\/product\/4214\/revisions\/21705"}],"wp:featuredmedia":[{"embeddable":true,"href":"https:\/\/prioratnatur.com\/es\/wp-json\/wp\/v2\/media\/18236"}],"wp:attachment":[{"href":"https:\/\/prioratnatur.com\/es\/wp-json\/wp\/v2\/media?parent=4214"}],"wp:term":[{"taxonomy":"product_brand","embeddable":true,"href":"https:\/\/prioratnatur.com\/es\/wp-json\/wp\/v2\/product_brand?post=4214"},{"taxonomy":"product_cat","embeddable":true,"href":"https:\/\/prioratnatur.com\/es\/wp-json\/wp\/v2\/product_cat?post=4214"},{"taxonomy":"product_tag","embeddable":true,"href":"https:\/\/prioratnatur.com\/es\/wp-json\/wp\/v2\/product_tag?post=4214"}],"curies":[{"name":"wp","href":"https:\/\/api.w.org\/{rel}","templated":true}]}}