{"id":4207,"date":"2021-10-22T14:55:05","date_gmt":"2021-10-22T14:55:05","guid":{"rendered":"https:\/\/prioratnatur.com\/membrillo-artesanal-tradicional\/"},"modified":"2026-04-11T08:09:02","modified_gmt":"2026-04-11T08:09:02","slug":"membrillo-artesanal-tradicional","status":"publish","type":"product","link":"https:\/\/prioratnatur.com\/es\/membrillo-artesanal-tradicional\/","title":{"rendered":"Membrillo Artesanal Tradicional"},"content":{"rendered":"","protected":false},"excerpt":{"rendered":"<p>El Membrillo Artesano Tradicional es ideal para\u2026 acompa\u00f1ar todo tipo de quesos, reques\u00f3n, ricotta o para comer con pan. Tambi\u00e9n puede acompa\u00f1ar frutos secos. Resulta muy bueno combinado con foie gras. Adem\u00e1s, lo puedes utilizar para cocinar.   <\/p>\n<p>Este producto est\u00e1 elaborado siguiendo recetas tradicionales de la comarca, con membrillos mayoritariamente de la zona, cocidos muy despacio, para conseguir as\u00ed una textura agradable, ligeramente granulada y con un punto de dulzor muy acertado, ni demasiado ni demasiado poco.<\/p>\n<p>Ideal para poder combinarlo de maneras muy diversas.<\/p>\n<p><strong>\u00a1Pru\u00e9balo y te sorprender\u00e1! Un membrillo de calidad excelente. <\/strong><\/p>\n","protected":false},"featured_media":3007,"comment_status":"open","ping_status":"closed","template":"","meta":{"_acf_changed":false,"inline_featured_image":false},"product_brand":[],"product_cat":[62],"product_tag":[],"class_list":{"0":"post-4207","1":"product","2":"type-product","3":"status-publish","4":"has-post-thumbnail","6":"product_cat-mermeladas-y-membrillo","8":"first","9":"instock","10":"featured","11":"taxable","12":"shipping-taxable","13":"purchasable","14":"product-type-variable"},"acf":[],"_links":{"self":[{"href":"https:\/\/prioratnatur.com\/es\/wp-json\/wp\/v2\/product\/4207","targetHints":{"allow":["GET"]}}],"collection":[{"href":"https:\/\/prioratnatur.com\/es\/wp-json\/wp\/v2\/product"}],"about":[{"href":"https:\/\/prioratnatur.com\/es\/wp-json\/wp\/v2\/types\/product"}],"replies":[{"embeddable":true,"href":"https:\/\/prioratnatur.com\/es\/wp-json\/wp\/v2\/comments?post=4207"}],"version-history":[{"count":3,"href":"https:\/\/prioratnatur.com\/es\/wp-json\/wp\/v2\/product\/4207\/revisions"}],"predecessor-version":[{"id":21744,"href":"https:\/\/prioratnatur.com\/es\/wp-json\/wp\/v2\/product\/4207\/revisions\/21744"}],"wp:featuredmedia":[{"embeddable":true,"href":"https:\/\/prioratnatur.com\/es\/wp-json\/wp\/v2\/media\/3007"}],"wp:attachment":[{"href":"https:\/\/prioratnatur.com\/es\/wp-json\/wp\/v2\/media?parent=4207"}],"wp:term":[{"taxonomy":"product_brand","embeddable":true,"href":"https:\/\/prioratnatur.com\/es\/wp-json\/wp\/v2\/product_brand?post=4207"},{"taxonomy":"product_cat","embeddable":true,"href":"https:\/\/prioratnatur.com\/es\/wp-json\/wp\/v2\/product_cat?post=4207"},{"taxonomy":"product_tag","embeddable":true,"href":"https:\/\/prioratnatur.com\/es\/wp-json\/wp\/v2\/product_tag?post=4207"}],"curies":[{"name":"wp","href":"https:\/\/api.w.org\/{rel}","templated":true}]}}