{"id":4206,"date":"2021-10-22T14:32:03","date_gmt":"2021-10-22T14:32:03","guid":{"rendered":"https:\/\/prioratnatur.com\/pure-de-manzana\/"},"modified":"2026-02-25T16:21:03","modified_gmt":"2026-02-25T16:21:03","slug":"pure-de-manzana","status":"publish","type":"product","link":"https:\/\/prioratnatur.com\/es\/pure-de-manzana\/","title":{"rendered":"Pur\u00e9 de Manzana"},"content":{"rendered":"","protected":false},"excerpt":{"rendered":"<p><strong>El Pur\u00e9 de Manzana es ideal para\u2026 <\/strong>acompa\u00f1ar todo tipo de carnes: lomo de cerdo, entrecot y filete, o carne de caza. Tambi\u00e9n combina muy bien con pato y foie gras, y con postres de nata o yogur, \u00a1te sorprender\u00e1! <\/p>\n<p>Disfruta de nuestro pur\u00e9 de manzana, un producto 100% natural, hecho con manzana variedad Golden, az\u00facar y lim\u00f3n.<\/p>\n","protected":false},"featured_media":3002,"comment_status":"open","ping_status":"closed","template":"","meta":{"_acf_changed":false,"inline_featured_image":false},"product_brand":[],"product_cat":[62],"product_tag":[],"class_list":{"0":"post-4206","1":"product","2":"type-product","3":"status-publish","4":"has-post-thumbnail","6":"product_cat-mermeladas-y-membrillo","8":"first","9":"instock","10":"taxable","11":"shipping-taxable","12":"purchasable","13":"product-type-simple"},"acf":[],"_links":{"self":[{"href":"https:\/\/prioratnatur.com\/es\/wp-json\/wp\/v2\/product\/4206","targetHints":{"allow":["GET"]}}],"collection":[{"href":"https:\/\/prioratnatur.com\/es\/wp-json\/wp\/v2\/product"}],"about":[{"href":"https:\/\/prioratnatur.com\/es\/wp-json\/wp\/v2\/types\/product"}],"replies":[{"embeddable":true,"href":"https:\/\/prioratnatur.com\/es\/wp-json\/wp\/v2\/comments?post=4206"}],"version-history":[{"count":2,"href":"https:\/\/prioratnatur.com\/es\/wp-json\/wp\/v2\/product\/4206\/revisions"}],"predecessor-version":[{"id":21743,"href":"https:\/\/prioratnatur.com\/es\/wp-json\/wp\/v2\/product\/4206\/revisions\/21743"}],"wp:featuredmedia":[{"embeddable":true,"href":"https:\/\/prioratnatur.com\/es\/wp-json\/wp\/v2\/media\/3002"}],"wp:attachment":[{"href":"https:\/\/prioratnatur.com\/es\/wp-json\/wp\/v2\/media?parent=4206"}],"wp:term":[{"taxonomy":"product_brand","embeddable":true,"href":"https:\/\/prioratnatur.com\/es\/wp-json\/wp\/v2\/product_brand?post=4206"},{"taxonomy":"product_cat","embeddable":true,"href":"https:\/\/prioratnatur.com\/es\/wp-json\/wp\/v2\/product_cat?post=4206"},{"taxonomy":"product_tag","embeddable":true,"href":"https:\/\/prioratnatur.com\/es\/wp-json\/wp\/v2\/product_tag?post=4206"}],"curies":[{"name":"wp","href":"https:\/\/api.w.org\/{rel}","templated":true}]}}