{"id":4203,"date":"2021-10-22T13:48:11","date_gmt":"2021-10-22T13:48:11","guid":{"rendered":"https:\/\/prioratnatur.com\/cabello-de-angel\/"},"modified":"2026-02-25T16:17:25","modified_gmt":"2026-02-25T16:17:25","slug":"cabello-de-angel","status":"publish","type":"product","link":"https:\/\/prioratnatur.com\/es\/cabello-de-angel\/","title":{"rendered":"Cabello de \u00c1ngel"},"content":{"rendered":"","protected":false},"excerpt":{"rendered":"<p><strong>IDEAL PARA\u2026<\/strong> acompa\u00f1ar quesos. Combina bien con el foie gras. \u00a1Disfruta del cabello de \u00e1ngel con una simple tostada de pan y te chupar\u00e1s los dedos! Y si te gusta la reposter\u00eda, es un ingrediente fant\u00e1stico para hacer postres buen\u00edsimos de forma muy sencilla y natural.   <\/p>\n<p>Nuestro cabello de \u00e1ngel se elabora con calabazas de cosecha propia y de los agricultores de la comarca.<\/p>\n","protected":false},"featured_media":2989,"comment_status":"open","ping_status":"closed","template":"","meta":{"_acf_changed":false,"inline_featured_image":false},"product_brand":[],"product_cat":[62],"product_tag":[],"class_list":{"0":"post-4203","1":"product","2":"type-product","3":"status-publish","4":"has-post-thumbnail","6":"product_cat-mermeladas-y-membrillo","8":"first","9":"instock","10":"taxable","11":"shipping-taxable","12":"purchasable","13":"product-type-simple"},"acf":[],"_links":{"self":[{"href":"https:\/\/prioratnatur.com\/es\/wp-json\/wp\/v2\/product\/4203","targetHints":{"allow":["GET"]}}],"collection":[{"href":"https:\/\/prioratnatur.com\/es\/wp-json\/wp\/v2\/product"}],"about":[{"href":"https:\/\/prioratnatur.com\/es\/wp-json\/wp\/v2\/types\/product"}],"replies":[{"embeddable":true,"href":"https:\/\/prioratnatur.com\/es\/wp-json\/wp\/v2\/comments?post=4203"}],"version-history":[{"count":2,"href":"https:\/\/prioratnatur.com\/es\/wp-json\/wp\/v2\/product\/4203\/revisions"}],"predecessor-version":[{"id":21740,"href":"https:\/\/prioratnatur.com\/es\/wp-json\/wp\/v2\/product\/4203\/revisions\/21740"}],"wp:featuredmedia":[{"embeddable":true,"href":"https:\/\/prioratnatur.com\/es\/wp-json\/wp\/v2\/media\/2989"}],"wp:attachment":[{"href":"https:\/\/prioratnatur.com\/es\/wp-json\/wp\/v2\/media?parent=4203"}],"wp:term":[{"taxonomy":"product_brand","embeddable":true,"href":"https:\/\/prioratnatur.com\/es\/wp-json\/wp\/v2\/product_brand?post=4203"},{"taxonomy":"product_cat","embeddable":true,"href":"https:\/\/prioratnatur.com\/es\/wp-json\/wp\/v2\/product_cat?post=4203"},{"taxonomy":"product_tag","embeddable":true,"href":"https:\/\/prioratnatur.com\/es\/wp-json\/wp\/v2\/product_tag?post=4203"}],"curies":[{"name":"wp","href":"https:\/\/api.w.org\/{rel}","templated":true}]}}