{"id":4202,"date":"2021-10-22T13:33:25","date_gmt":"2021-10-22T13:33:25","guid":{"rendered":"https:\/\/prioratnatur.com\/confitura-de-higo\/"},"modified":"2026-03-11T22:03:10","modified_gmt":"2026-03-11T22:03:10","slug":"confitura-de-higo","status":"publish","type":"product","link":"https:\/\/prioratnatur.com\/es\/confitura-de-higo\/","title":{"rendered":"Confitura de Higo"},"content":{"rendered":"","protected":false},"excerpt":{"rendered":"<p><strong>IDEAL PARA&#8230;<\/strong> acompa\u00f1ar quesos, &#8216;mat\u00f3&#8217; o &#8216;recuit&#8217;. Combina tambi\u00e9n con el foie gras. Puede dar un toque especial a tus ensaladas.  <\/p>\n<p>Descubre una confitura artesana de excelente calidad que no te dejar\u00e1 indiferente. 100% natural, sin secretos: higo del territorio pelado a mano, az\u00facar, lim\u00f3n y mucho esmero y amor para conseguir el punto de cocci\u00f3n ideal. <\/p>\n<p>Disfruta de la intensidad y el sabor de nuestra mermelada de higo.<\/p>\n","protected":false},"featured_media":2985,"comment_status":"open","ping_status":"closed","template":"","meta":{"_acf_changed":false,"inline_featured_image":false},"product_brand":[],"product_cat":[62],"product_tag":[],"class_list":{"0":"post-4202","1":"product","2":"type-product","3":"status-publish","4":"has-post-thumbnail","6":"product_cat-mermeladas-y-membrillo","8":"first","9":"instock","10":"taxable","11":"shipping-taxable","12":"purchasable","13":"product-type-simple"},"acf":[],"_links":{"self":[{"href":"https:\/\/prioratnatur.com\/es\/wp-json\/wp\/v2\/product\/4202","targetHints":{"allow":["GET"]}}],"collection":[{"href":"https:\/\/prioratnatur.com\/es\/wp-json\/wp\/v2\/product"}],"about":[{"href":"https:\/\/prioratnatur.com\/es\/wp-json\/wp\/v2\/types\/product"}],"replies":[{"embeddable":true,"href":"https:\/\/prioratnatur.com\/es\/wp-json\/wp\/v2\/comments?post=4202"}],"version-history":[{"count":2,"href":"https:\/\/prioratnatur.com\/es\/wp-json\/wp\/v2\/product\/4202\/revisions"}],"predecessor-version":[{"id":21739,"href":"https:\/\/prioratnatur.com\/es\/wp-json\/wp\/v2\/product\/4202\/revisions\/21739"}],"wp:featuredmedia":[{"embeddable":true,"href":"https:\/\/prioratnatur.com\/es\/wp-json\/wp\/v2\/media\/2985"}],"wp:attachment":[{"href":"https:\/\/prioratnatur.com\/es\/wp-json\/wp\/v2\/media?parent=4202"}],"wp:term":[{"taxonomy":"product_brand","embeddable":true,"href":"https:\/\/prioratnatur.com\/es\/wp-json\/wp\/v2\/product_brand?post=4202"},{"taxonomy":"product_cat","embeddable":true,"href":"https:\/\/prioratnatur.com\/es\/wp-json\/wp\/v2\/product_cat?post=4202"},{"taxonomy":"product_tag","embeddable":true,"href":"https:\/\/prioratnatur.com\/es\/wp-json\/wp\/v2\/product_tag?post=4202"}],"curies":[{"name":"wp","href":"https:\/\/api.w.org\/{rel}","templated":true}]}}