{"id":4200,"date":"2021-10-22T13:18:22","date_gmt":"2021-10-22T13:18:22","guid":{"rendered":"https:\/\/prioratnatur.com\/mermelada-de-tomate\/"},"modified":"2026-02-25T15:38:18","modified_gmt":"2026-02-25T15:38:18","slug":"mermelada-de-tomate","status":"publish","type":"product","link":"https:\/\/prioratnatur.com\/es\/mermelada-de-tomate\/","title":{"rendered":"Mermelada de Tomate"},"content":{"rendered":"","protected":false},"excerpt":{"rendered":"<p><strong>IDEAL PARA&#8230;<\/strong> acompa\u00f1ar carnes de caza, pato, foie gras, ventresca, anchoas y pasta fresca. Combina tambi\u00e9n muy bien con quesos. <\/p>\n<p>Una mermelada que te sorprender\u00e1 gratamente. Tomates de pera de cosecha propia y de agricultores de la zona, az\u00facar, lim\u00f3n y mucho esmero a la hora de elaborarla, son los ingredientes que hacen posible esta excelente mermelada. <\/p>\n","protected":false},"featured_media":2976,"comment_status":"open","ping_status":"closed","template":"","meta":{"_acf_changed":false,"inline_featured_image":false},"product_brand":[],"product_cat":[62],"product_tag":[],"class_list":{"0":"post-4200","1":"product","2":"type-product","3":"status-publish","4":"has-post-thumbnail","6":"product_cat-mermeladas-y-membrillo","8":"first","9":"instock","10":"taxable","11":"shipping-taxable","12":"purchasable","13":"product-type-simple"},"acf":[],"_links":{"self":[{"href":"https:\/\/prioratnatur.com\/es\/wp-json\/wp\/v2\/product\/4200","targetHints":{"allow":["GET"]}}],"collection":[{"href":"https:\/\/prioratnatur.com\/es\/wp-json\/wp\/v2\/product"}],"about":[{"href":"https:\/\/prioratnatur.com\/es\/wp-json\/wp\/v2\/types\/product"}],"replies":[{"embeddable":true,"href":"https:\/\/prioratnatur.com\/es\/wp-json\/wp\/v2\/comments?post=4200"}],"version-history":[{"count":2,"href":"https:\/\/prioratnatur.com\/es\/wp-json\/wp\/v2\/product\/4200\/revisions"}],"predecessor-version":[{"id":21737,"href":"https:\/\/prioratnatur.com\/es\/wp-json\/wp\/v2\/product\/4200\/revisions\/21737"}],"wp:featuredmedia":[{"embeddable":true,"href":"https:\/\/prioratnatur.com\/es\/wp-json\/wp\/v2\/media\/2976"}],"wp:attachment":[{"href":"https:\/\/prioratnatur.com\/es\/wp-json\/wp\/v2\/media?parent=4200"}],"wp:term":[{"taxonomy":"product_brand","embeddable":true,"href":"https:\/\/prioratnatur.com\/es\/wp-json\/wp\/v2\/product_brand?post=4200"},{"taxonomy":"product_cat","embeddable":true,"href":"https:\/\/prioratnatur.com\/es\/wp-json\/wp\/v2\/product_cat?post=4200"},{"taxonomy":"product_tag","embeddable":true,"href":"https:\/\/prioratnatur.com\/es\/wp-json\/wp\/v2\/product_tag?post=4200"}],"curies":[{"name":"wp","href":"https:\/\/api.w.org\/{rel}","templated":true}]}}