{"id":4199,"date":"2021-10-20T15:03:39","date_gmt":"2021-10-20T15:03:39","guid":{"rendered":"https:\/\/prioratnatur.com\/mermelada-de-melocoton-de-vina\/"},"modified":"2026-02-25T15:35:50","modified_gmt":"2026-02-25T15:35:50","slug":"mermelada-de-melocoton-de-vina","status":"publish","type":"product","link":"https:\/\/prioratnatur.com\/es\/mermelada-de-melocoton-de-vina\/","title":{"rendered":"Mermelada de Melocot\u00f3n de Vi\u00f1a"},"content":{"rendered":"","protected":false},"excerpt":{"rendered":"<p><strong>IDEAL PARA..<\/strong>. una tostada de pan con queso fresco o mantequilla. Pru\u00e9bala con yogur. Te ayudar\u00e1 a dar un toque especial a tu reposter\u00eda.  <\/p>\n<p>Disfruta al 100% del sabor del melocot\u00f3n.<\/p>\n<p>Peque\u00f1os secretos que hacen que nuestra mermelada de melocot\u00f3n sea excepcional: un melocot\u00f3n de vi\u00f1a de m\u00e1xima calidad y cultivado en secano, una variedad de melocot\u00f3n mucho m\u00e1s sabrosa, cosechado en su punto \u00f3ptimo de madurez. Lo pelamos a mano uno a uno y lo hacemos hervir el tiempo justo con la cantidad de az\u00facar y lim\u00f3n necesarias para que se conserve bien el producto, pero siempre dando mucha importancia a que predomine el sabor del melocot\u00f3n. <\/p>\n","protected":false},"featured_media":2968,"comment_status":"open","ping_status":"closed","template":"","meta":{"_acf_changed":false,"inline_featured_image":false},"product_brand":[],"product_cat":[62],"product_tag":[],"class_list":{"0":"post-4199","1":"product","2":"type-product","3":"status-publish","4":"has-post-thumbnail","6":"product_cat-mermeladas-y-membrillo","8":"first","9":"instock","10":"taxable","11":"shipping-taxable","12":"purchasable","13":"product-type-simple"},"acf":[],"_links":{"self":[{"href":"https:\/\/prioratnatur.com\/es\/wp-json\/wp\/v2\/product\/4199","targetHints":{"allow":["GET"]}}],"collection":[{"href":"https:\/\/prioratnatur.com\/es\/wp-json\/wp\/v2\/product"}],"about":[{"href":"https:\/\/prioratnatur.com\/es\/wp-json\/wp\/v2\/types\/product"}],"replies":[{"embeddable":true,"href":"https:\/\/prioratnatur.com\/es\/wp-json\/wp\/v2\/comments?post=4199"}],"version-history":[{"count":2,"href":"https:\/\/prioratnatur.com\/es\/wp-json\/wp\/v2\/product\/4199\/revisions"}],"predecessor-version":[{"id":21736,"href":"https:\/\/prioratnatur.com\/es\/wp-json\/wp\/v2\/product\/4199\/revisions\/21736"}],"wp:featuredmedia":[{"embeddable":true,"href":"https:\/\/prioratnatur.com\/es\/wp-json\/wp\/v2\/media\/2968"}],"wp:attachment":[{"href":"https:\/\/prioratnatur.com\/es\/wp-json\/wp\/v2\/media?parent=4199"}],"wp:term":[{"taxonomy":"product_brand","embeddable":true,"href":"https:\/\/prioratnatur.com\/es\/wp-json\/wp\/v2\/product_brand?post=4199"},{"taxonomy":"product_cat","embeddable":true,"href":"https:\/\/prioratnatur.com\/es\/wp-json\/wp\/v2\/product_cat?post=4199"},{"taxonomy":"product_tag","embeddable":true,"href":"https:\/\/prioratnatur.com\/es\/wp-json\/wp\/v2\/product_tag?post=4199"}],"curies":[{"name":"wp","href":"https:\/\/api.w.org\/{rel}","templated":true}]}}