{"id":4188,"date":"2021-10-20T14:42:20","date_gmt":"2021-10-20T14:42:20","guid":{"rendered":"https:\/\/prioratnatur.com\/bombon-almendra-marcona-glace\/"},"modified":"2026-02-13T16:27:01","modified_gmt":"2026-02-13T16:27:01","slug":"bombon-almendra-marcona-glace","status":"publish","type":"product","link":"https:\/\/prioratnatur.com\/es\/bombon-almendra-marcona-glace\/","title":{"rendered":"Bomb\u00f3n Almendra Marcona Glac\u00e9"},"content":{"rendered":"","protected":false},"excerpt":{"rendered":"<p><strong>El Bomb\u00f3n de Almendra Marcona Glac\u00e9 80g es ideal para<\/strong>&#8230; picar, picar y picar, y hacer as\u00ed de peque\u00f1os momentos, momentos inolvidables. Geniales para acompa\u00f1ar el caf\u00e9 o una copa de vino, o para las sobremesas m\u00e1s dulces. Puede decorar y complementar muchos postres, una copa de nata o un pastel.<\/p>\n<p>SIMPLEMENTE EXTRAORDINARIO&#8230; DISFRUTA DE ESTE GRAN PLACER!<\/p>\n<p>Nuestra almendra garrapi\u00f1ada ba\u00f1ada con un excelente chocolate negro y recubierta de az\u00facar glass.<\/p>\n<p>Descubre nuestro bomb\u00f3n de almendra marcona, la catania del Priorat!<\/p>\n","protected":false},"featured_media":9363,"comment_status":"open","ping_status":"closed","template":"","meta":{"_acf_changed":false,"inline_featured_image":false},"product_brand":[],"product_cat":[57],"product_tag":[],"class_list":{"0":"post-4188","1":"product","2":"type-product","3":"status-publish","4":"has-post-thumbnail","6":"product_cat-frutos-secos","8":"first","9":"instock","10":"taxable","11":"shipping-taxable","12":"purchasable","13":"product-type-variable"},"acf":[],"_links":{"self":[{"href":"https:\/\/prioratnatur.com\/es\/wp-json\/wp\/v2\/product\/4188","targetHints":{"allow":["GET"]}}],"collection":[{"href":"https:\/\/prioratnatur.com\/es\/wp-json\/wp\/v2\/product"}],"about":[{"href":"https:\/\/prioratnatur.com\/es\/wp-json\/wp\/v2\/types\/product"}],"replies":[{"embeddable":true,"href":"https:\/\/prioratnatur.com\/es\/wp-json\/wp\/v2\/comments?post=4188"}],"version-history":[{"count":2,"href":"https:\/\/prioratnatur.com\/es\/wp-json\/wp\/v2\/product\/4188\/revisions"}],"predecessor-version":[{"id":21535,"href":"https:\/\/prioratnatur.com\/es\/wp-json\/wp\/v2\/product\/4188\/revisions\/21535"}],"wp:featuredmedia":[{"embeddable":true,"href":"https:\/\/prioratnatur.com\/es\/wp-json\/wp\/v2\/media\/9363"}],"wp:attachment":[{"href":"https:\/\/prioratnatur.com\/es\/wp-json\/wp\/v2\/media?parent=4188"}],"wp:term":[{"taxonomy":"product_brand","embeddable":true,"href":"https:\/\/prioratnatur.com\/es\/wp-json\/wp\/v2\/product_brand?post=4188"},{"taxonomy":"product_cat","embeddable":true,"href":"https:\/\/prioratnatur.com\/es\/wp-json\/wp\/v2\/product_cat?post=4188"},{"taxonomy":"product_tag","embeddable":true,"href":"https:\/\/prioratnatur.com\/es\/wp-json\/wp\/v2\/product_tag?post=4188"}],"curies":[{"name":"wp","href":"https:\/\/api.w.org\/{rel}","templated":true}]}}