{"id":4182,"date":"2021-10-20T14:33:26","date_gmt":"2021-10-20T14:33:26","guid":{"rendered":"https:\/\/prioratnatur.com\/bombon-almendra-marcona-cacao\/"},"modified":"2026-02-13T17:09:56","modified_gmt":"2026-02-13T17:09:56","slug":"bombon-almendra-marcona-cacao","status":"publish","type":"product","link":"https:\/\/prioratnatur.com\/es\/bombon-almendra-marcona-cacao\/","title":{"rendered":"Bomb\u00f3n Almendra Marcona Cacao"},"content":{"rendered":"","protected":false},"excerpt":{"rendered":"<p><strong>El Bomb\u00f3n Almendra Marcona Cacao 80g es ideal para&#8230; <\/strong>picar, picar y picar, y hacer as\u00ed de peque\u00f1os momentos, momentos inolvidables. Geniales para acompa\u00f1ar el caf\u00e9 o una copa de vino, o para las sobremesas m\u00e1s dulces. Puede decorar y complementar muchos postres, una copa de nata o un pastel.<\/p>\n<p>SIMPLEMENTE EXTRAORDINARIO&#8230; DISFRUTA DE ESTE GRAN PLACER!<\/p>\n<p>Nuestra <a href=\"https:\/\/prioratnatur.com\/ametlla-marcona-garapinyada-priorat-natur\/\">almendra garrapi\u00f1ada<\/a> ba\u00f1ada con un excelente chocolate negro y recubierta de cacao.<\/p>\n<p>Descubre nuestro bomb\u00f3n de almendra marcona, la catania del Priorat!<\/p>\n<p>&nbsp;<\/p>\n","protected":false},"featured_media":9360,"comment_status":"open","ping_status":"closed","template":"","meta":{"_acf_changed":false,"inline_featured_image":false},"product_brand":[],"product_cat":[57],"product_tag":[],"class_list":{"0":"post-4182","1":"product","2":"type-product","3":"status-publish","4":"has-post-thumbnail","6":"product_cat-frutos-secos","8":"first","9":"instock","10":"taxable","11":"shipping-taxable","12":"purchasable","13":"product-type-variable"},"acf":[],"_links":{"self":[{"href":"https:\/\/prioratnatur.com\/es\/wp-json\/wp\/v2\/product\/4182","targetHints":{"allow":["GET"]}}],"collection":[{"href":"https:\/\/prioratnatur.com\/es\/wp-json\/wp\/v2\/product"}],"about":[{"href":"https:\/\/prioratnatur.com\/es\/wp-json\/wp\/v2\/types\/product"}],"replies":[{"embeddable":true,"href":"https:\/\/prioratnatur.com\/es\/wp-json\/wp\/v2\/comments?post=4182"}],"version-history":[{"count":3,"href":"https:\/\/prioratnatur.com\/es\/wp-json\/wp\/v2\/product\/4182\/revisions"}],"predecessor-version":[{"id":21537,"href":"https:\/\/prioratnatur.com\/es\/wp-json\/wp\/v2\/product\/4182\/revisions\/21537"}],"wp:featuredmedia":[{"embeddable":true,"href":"https:\/\/prioratnatur.com\/es\/wp-json\/wp\/v2\/media\/9360"}],"wp:attachment":[{"href":"https:\/\/prioratnatur.com\/es\/wp-json\/wp\/v2\/media?parent=4182"}],"wp:term":[{"taxonomy":"product_brand","embeddable":true,"href":"https:\/\/prioratnatur.com\/es\/wp-json\/wp\/v2\/product_brand?post=4182"},{"taxonomy":"product_cat","embeddable":true,"href":"https:\/\/prioratnatur.com\/es\/wp-json\/wp\/v2\/product_cat?post=4182"},{"taxonomy":"product_tag","embeddable":true,"href":"https:\/\/prioratnatur.com\/es\/wp-json\/wp\/v2\/product_tag?post=4182"}],"curies":[{"name":"wp","href":"https:\/\/api.w.org\/{rel}","templated":true}]}}