{"id":4176,"date":"2021-10-19T17:23:19","date_gmt":"2021-10-19T17:23:19","guid":{"rendered":"https:\/\/prioratnatur.com\/almendra-marcona-natural\/"},"modified":"2026-03-11T22:03:18","modified_gmt":"2026-03-11T22:03:18","slug":"almendra-marcona-natural","status":"publish","type":"product","link":"https:\/\/prioratnatur.com\/es\/almendra-marcona-natural\/","title":{"rendered":"Almendra Marcona Natural"},"content":{"rendered":"<p><\/p>\n","protected":false},"excerpt":{"rendered":"<p><strong>Almendra Marcona Natural es ideal para&#8230;<\/strong> disfrutar sola, entre comidas o de postre. La almendra natural se puede hacer salada, tostada, fumada o hasta se puede ba\u00f1ar con chocolate. Dale tu toque personal! Se puede utilizar tambi\u00e9n para reposter\u00eda o para cocinar.<\/p>\n<p>La almendra en su estado natural es el fruto seco m\u00e1s recomendado para la salud, siempre consumida con moderaci\u00f3n.<\/p>\n<p><strong>Disfr\u00fatala!<\/strong><\/p>\n","protected":false},"featured_media":2942,"comment_status":"open","ping_status":"closed","template":"","meta":{"_acf_changed":false,"inline_featured_image":false},"product_brand":[],"product_cat":[57],"product_tag":[],"class_list":{"0":"post-4176","1":"product","2":"type-product","3":"status-publish","4":"has-post-thumbnail","6":"product_cat-frutos-secos","8":"first","9":"instock","10":"taxable","11":"shipping-taxable","12":"purchasable","13":"product-type-variable"},"acf":[],"_links":{"self":[{"href":"https:\/\/prioratnatur.com\/es\/wp-json\/wp\/v2\/product\/4176","targetHints":{"allow":["GET"]}}],"collection":[{"href":"https:\/\/prioratnatur.com\/es\/wp-json\/wp\/v2\/product"}],"about":[{"href":"https:\/\/prioratnatur.com\/es\/wp-json\/wp\/v2\/types\/product"}],"replies":[{"embeddable":true,"href":"https:\/\/prioratnatur.com\/es\/wp-json\/wp\/v2\/comments?post=4176"}],"version-history":[{"count":6,"href":"https:\/\/prioratnatur.com\/es\/wp-json\/wp\/v2\/product\/4176\/revisions"}],"predecessor-version":[{"id":21540,"href":"https:\/\/prioratnatur.com\/es\/wp-json\/wp\/v2\/product\/4176\/revisions\/21540"}],"wp:featuredmedia":[{"embeddable":true,"href":"https:\/\/prioratnatur.com\/es\/wp-json\/wp\/v2\/media\/2942"}],"wp:attachment":[{"href":"https:\/\/prioratnatur.com\/es\/wp-json\/wp\/v2\/media?parent=4176"}],"wp:term":[{"taxonomy":"product_brand","embeddable":true,"href":"https:\/\/prioratnatur.com\/es\/wp-json\/wp\/v2\/product_brand?post=4176"},{"taxonomy":"product_cat","embeddable":true,"href":"https:\/\/prioratnatur.com\/es\/wp-json\/wp\/v2\/product_cat?post=4176"},{"taxonomy":"product_tag","embeddable":true,"href":"https:\/\/prioratnatur.com\/es\/wp-json\/wp\/v2\/product_tag?post=4176"}],"curies":[{"name":"wp","href":"https:\/\/api.w.org\/{rel}","templated":true}]}}