{"id":4163,"date":"2021-10-18T16:11:10","date_gmt":"2021-10-18T16:11:10","guid":{"rendered":"https:\/\/prioratnatur.com\/avellana-negreta-garrapinada-2150g\/"},"modified":"2026-02-24T16:27:22","modified_gmt":"2026-02-24T16:27:22","slug":"avellana-negreta-garrapinada-2150g","status":"publish","type":"product","link":"https:\/\/prioratnatur.com\/es\/avellana-negreta-garrapinada-2150g\/","title":{"rendered":"Avellana Negreta Garrapi\u00f1ada 2,150g"},"content":{"rendered":"","protected":false},"excerpt":{"rendered":"<p><strong>IDEAL PARA\u2026 <\/strong>acompa\u00f1ar una tabla de quesos. Pueden dar un toque especial a tu helado, o incluso a tus ensaladas. Puedes disfrutarlas simplemente acompa\u00f1ando una copa de vino o un caf\u00e9 y tener as\u00ed una dulce sobremesa.<\/p>\n<p><strong>Se pueden combinar con otros frutos secos garrapi\u00f1ados, como almendras o nueces, y resultan a\u00fan m\u00e1s interesantes.<\/strong><\/p>\n<p>Priorat Natur convierte este <strong>producto tan simple en un producto extraordinario<\/strong>, gracias a la artesan\u00eda, la paciencia y el cari\u00f1o con el que lo elabora.<\/p>\n","protected":false},"featured_media":2865,"comment_status":"open","ping_status":"closed","template":"","meta":{"_acf_changed":false,"inline_featured_image":false},"product_brand":[],"product_cat":[58],"product_tag":[],"class_list":{"0":"post-4163","1":"product","2":"type-product","3":"status-publish","4":"has-post-thumbnail","6":"product_cat-gran-formato","8":"first","9":"instock","10":"taxable","11":"shipping-taxable","12":"purchasable","13":"product-type-simple"},"acf":[],"_links":{"self":[{"href":"https:\/\/prioratnatur.com\/es\/wp-json\/wp\/v2\/product\/4163","targetHints":{"allow":["GET"]}}],"collection":[{"href":"https:\/\/prioratnatur.com\/es\/wp-json\/wp\/v2\/product"}],"about":[{"href":"https:\/\/prioratnatur.com\/es\/wp-json\/wp\/v2\/types\/product"}],"replies":[{"embeddable":true,"href":"https:\/\/prioratnatur.com\/es\/wp-json\/wp\/v2\/comments?post=4163"}],"version-history":[{"count":1,"href":"https:\/\/prioratnatur.com\/es\/wp-json\/wp\/v2\/product\/4163\/revisions"}],"predecessor-version":[{"id":21697,"href":"https:\/\/prioratnatur.com\/es\/wp-json\/wp\/v2\/product\/4163\/revisions\/21697"}],"wp:featuredmedia":[{"embeddable":true,"href":"https:\/\/prioratnatur.com\/es\/wp-json\/wp\/v2\/media\/2865"}],"wp:attachment":[{"href":"https:\/\/prioratnatur.com\/es\/wp-json\/wp\/v2\/media?parent=4163"}],"wp:term":[{"taxonomy":"product_brand","embeddable":true,"href":"https:\/\/prioratnatur.com\/es\/wp-json\/wp\/v2\/product_brand?post=4163"},{"taxonomy":"product_cat","embeddable":true,"href":"https:\/\/prioratnatur.com\/es\/wp-json\/wp\/v2\/product_cat?post=4163"},{"taxonomy":"product_tag","embeddable":true,"href":"https:\/\/prioratnatur.com\/es\/wp-json\/wp\/v2\/product_tag?post=4163"}],"curies":[{"name":"wp","href":"https:\/\/api.w.org\/{rel}","templated":true}]}}