{"id":4162,"date":"2021-10-18T16:02:08","date_gmt":"2021-10-18T16:02:08","guid":{"rendered":"https:\/\/prioratnatur.com\/almendra-marcona-garrapinada-2150kg\/"},"modified":"2026-02-24T16:26:15","modified_gmt":"2026-02-24T16:26:15","slug":"almendra-marcona-garrapinada-2150kg","status":"publish","type":"product","link":"https:\/\/prioratnatur.com\/es\/almendra-marcona-garrapinada-2150kg\/","title":{"rendered":"Almendra Marcona Garrapi\u00f1ada 2,150kg"},"content":{"rendered":"","protected":false},"excerpt":{"rendered":"<p><strong>IDEAL PARA\u2026 <\/strong>picar, picar y picar, convirtiendo peque\u00f1os momentos en momentos inolvidables. Son geniales simplemente para acompa\u00f1ar un caf\u00e9 o una copa de vino.<\/p>\n<p>Si las haces a trozos o trituradas pueden dar un toque especial a tus ensaladas o a una mesa de quesos. Se pueden combinar con otro fruto seco garrapi\u00f1ado como avellanas o nueces, y a\u00fan resultan m\u00e1s interesantes.<\/p>\n<p>Priorat Natur hace de este <strong>producto tan simple, un producto extraordinario<\/strong>, gracias a la artesan\u00eda, la paciencia y la estima con la que se elabora.<\/p>\n<p>Los garrapi\u00f1ados son productos llenos de historia y tradici\u00f3n. \u00a1Pru\u00e9balos y te chupar\u00e1s los dedos!<\/p>\n","protected":false},"featured_media":2856,"comment_status":"open","ping_status":"closed","template":"","meta":{"_acf_changed":false,"inline_featured_image":false},"product_brand":[],"product_cat":[58],"product_tag":[],"class_list":{"0":"post-4162","1":"product","2":"type-product","3":"status-publish","4":"has-post-thumbnail","6":"product_cat-gran-formato","8":"first","9":"instock","10":"taxable","11":"shipping-taxable","12":"purchasable","13":"product-type-simple"},"acf":[],"_links":{"self":[{"href":"https:\/\/prioratnatur.com\/es\/wp-json\/wp\/v2\/product\/4162","targetHints":{"allow":["GET"]}}],"collection":[{"href":"https:\/\/prioratnatur.com\/es\/wp-json\/wp\/v2\/product"}],"about":[{"href":"https:\/\/prioratnatur.com\/es\/wp-json\/wp\/v2\/types\/product"}],"replies":[{"embeddable":true,"href":"https:\/\/prioratnatur.com\/es\/wp-json\/wp\/v2\/comments?post=4162"}],"version-history":[{"count":1,"href":"https:\/\/prioratnatur.com\/es\/wp-json\/wp\/v2\/product\/4162\/revisions"}],"predecessor-version":[{"id":21696,"href":"https:\/\/prioratnatur.com\/es\/wp-json\/wp\/v2\/product\/4162\/revisions\/21696"}],"wp:featuredmedia":[{"embeddable":true,"href":"https:\/\/prioratnatur.com\/es\/wp-json\/wp\/v2\/media\/2856"}],"wp:attachment":[{"href":"https:\/\/prioratnatur.com\/es\/wp-json\/wp\/v2\/media?parent=4162"}],"wp:term":[{"taxonomy":"product_brand","embeddable":true,"href":"https:\/\/prioratnatur.com\/es\/wp-json\/wp\/v2\/product_brand?post=4162"},{"taxonomy":"product_cat","embeddable":true,"href":"https:\/\/prioratnatur.com\/es\/wp-json\/wp\/v2\/product_cat?post=4162"},{"taxonomy":"product_tag","embeddable":true,"href":"https:\/\/prioratnatur.com\/es\/wp-json\/wp\/v2\/product_tag?post=4162"}],"curies":[{"name":"wp","href":"https:\/\/api.w.org\/{rel}","templated":true}]}}