{"id":4148,"date":"2021-10-14T16:51:13","date_gmt":"2021-10-14T16:51:13","guid":{"rendered":"https:\/\/prioratnatur.com\/nueces-encarameladas\/"},"modified":"2026-04-14T15:28:03","modified_gmt":"2026-04-14T15:28:03","slug":"nueces-acarameladas","status":"publish","type":"product","link":"https:\/\/prioratnatur.com\/es\/nueces-acarameladas\/","title":{"rendered":"Nueces Caramelizadas"},"content":{"rendered":"","protected":false},"excerpt":{"rendered":"<p><strong>Las Nueces Caramelizadas<\/strong>son ideales para\u2026 acompa\u00f1ar un helado o una copa de nata. Combinan muy bien con quesos, reques\u00f3n y mat\u00f3. Las nueces caramelizadas de Priorat Natur dar\u00e1n un toque especial a tus ensaladas, con el punto de dulzura perfecto.<\/p>\n<p>Priorat Natur convierte las nueces caramelizadas en un producto tan simple, en un producto extraordinario, gracias a la artesan\u00eda, la paciencia y el cari\u00f1o con el que las elabora.<\/p>\n<p><strong>\u00a1Pru\u00e9balas y te sorprender\u00e1n!<\/strong><\/p>\n","protected":false},"featured_media":2831,"comment_status":"open","ping_status":"closed","template":"","meta":{"_acf_changed":false,"inline_featured_image":false},"product_brand":[],"product_cat":[57],"product_tag":[],"class_list":{"0":"post-4148","1":"product","2":"type-product","3":"status-publish","4":"has-post-thumbnail","6":"product_cat-frutos-secos","8":"first","9":"instock","10":"taxable","11":"shipping-taxable","12":"purchasable","13":"product-type-variable"},"acf":[],"_links":{"self":[{"href":"https:\/\/prioratnatur.com\/es\/wp-json\/wp\/v2\/product\/4148","targetHints":{"allow":["GET"]}}],"collection":[{"href":"https:\/\/prioratnatur.com\/es\/wp-json\/wp\/v2\/product"}],"about":[{"href":"https:\/\/prioratnatur.com\/es\/wp-json\/wp\/v2\/types\/product"}],"replies":[{"embeddable":true,"href":"https:\/\/prioratnatur.com\/es\/wp-json\/wp\/v2\/comments?post=4148"}],"version-history":[{"count":3,"href":"https:\/\/prioratnatur.com\/es\/wp-json\/wp\/v2\/product\/4148\/revisions"}],"predecessor-version":[{"id":21553,"href":"https:\/\/prioratnatur.com\/es\/wp-json\/wp\/v2\/product\/4148\/revisions\/21553"}],"wp:featuredmedia":[{"embeddable":true,"href":"https:\/\/prioratnatur.com\/es\/wp-json\/wp\/v2\/media\/2831"}],"wp:attachment":[{"href":"https:\/\/prioratnatur.com\/es\/wp-json\/wp\/v2\/media?parent=4148"}],"wp:term":[{"taxonomy":"product_brand","embeddable":true,"href":"https:\/\/prioratnatur.com\/es\/wp-json\/wp\/v2\/product_brand?post=4148"},{"taxonomy":"product_cat","embeddable":true,"href":"https:\/\/prioratnatur.com\/es\/wp-json\/wp\/v2\/product_cat?post=4148"},{"taxonomy":"product_tag","embeddable":true,"href":"https:\/\/prioratnatur.com\/es\/wp-json\/wp\/v2\/product_tag?post=4148"}],"curies":[{"name":"wp","href":"https:\/\/api.w.org\/{rel}","templated":true}]}}