{"id":4147,"date":"2021-09-29T14:30:38","date_gmt":"2021-09-29T14:30:38","guid":{"rendered":"https:\/\/prioratnatur.com\/escapada-al-priorat\/"},"modified":"2026-03-16T09:27:54","modified_gmt":"2026-03-16T09:27:54","slug":"escapada-al-priorat","status":"publish","type":"product","link":"https:\/\/prioratnatur.com\/es\/escapada-al-priorat\/","title":{"rendered":"Escapada al Priorat"},"content":{"rendered":"","protected":false},"excerpt":{"rendered":"<p><span style=\"font-weight: 400;\">Da un paseo entre vi\u00f1edos, disfruta de una cata de vinos y despu\u00e9s puedes disfrutar de una cata de aceites guiada. <\/span><\/p>\n<p><span style=\"font-weight: 400;\">Descubre una de las bodegas punteras del Priorat: Buil &amp; Gin\u00e9 y disfruta de sus vinos.<\/span><\/p>\n<p><span style=\"font-weight: 400;\">Y ad\u00e9ntrate en el fascinante mundo del aceite a trav\u00e9s de una cata. Podr\u00e1s conocer c\u00f3mo se realizan las catas, qu\u00e9 se puede encontrar en un aceite, sus atributos positivos\u2026 Y, finalmente, lo pondr\u00e1s en pr\u00e1ctica para vivir una nueva experiencia. <\/span><\/p>\n<p>&nbsp;<\/p>\n<p>Lugar: Buil &amp; Gine y Priorat Natur<\/p>\n<p><strong>Duraci\u00f3n:<\/strong> 3 h<\/p>\n<p><b>Precio:<\/b><span style=\"font-weight: 400;\"> 53 \u20ac \/ persona<\/span><\/p>\n<p><b>Actividad con reserva previa (el traslado corre a cargo del cliente)<\/b><\/p>\n","protected":false},"featured_media":5570,"comment_status":"open","ping_status":"closed","template":"","meta":{"_acf_changed":false,"inline_featured_image":false},"product_brand":[],"product_cat":[98],"product_tag":[],"class_list":{"0":"post-4147","1":"product","2":"type-product","3":"status-publish","4":"has-post-thumbnail","6":"product_cat-actividades","8":"first","9":"instock","10":"virtual","11":"taxable","12":"purchasable","13":"product-type-simple"},"acf":[],"_links":{"self":[{"href":"https:\/\/prioratnatur.com\/es\/wp-json\/wp\/v2\/product\/4147","targetHints":{"allow":["GET"]}}],"collection":[{"href":"https:\/\/prioratnatur.com\/es\/wp-json\/wp\/v2\/product"}],"about":[{"href":"https:\/\/prioratnatur.com\/es\/wp-json\/wp\/v2\/types\/product"}],"replies":[{"embeddable":true,"href":"https:\/\/prioratnatur.com\/es\/wp-json\/wp\/v2\/comments?post=4147"}],"version-history":[{"count":3,"href":"https:\/\/prioratnatur.com\/es\/wp-json\/wp\/v2\/product\/4147\/revisions"}],"predecessor-version":[{"id":21959,"href":"https:\/\/prioratnatur.com\/es\/wp-json\/wp\/v2\/product\/4147\/revisions\/21959"}],"wp:featuredmedia":[{"embeddable":true,"href":"https:\/\/prioratnatur.com\/es\/wp-json\/wp\/v2\/media\/5570"}],"wp:attachment":[{"href":"https:\/\/prioratnatur.com\/es\/wp-json\/wp\/v2\/media?parent=4147"}],"wp:term":[{"taxonomy":"product_brand","embeddable":true,"href":"https:\/\/prioratnatur.com\/es\/wp-json\/wp\/v2\/product_brand?post=4147"},{"taxonomy":"product_cat","embeddable":true,"href":"https:\/\/prioratnatur.com\/es\/wp-json\/wp\/v2\/product_cat?post=4147"},{"taxonomy":"product_tag","embeddable":true,"href":"https:\/\/prioratnatur.com\/es\/wp-json\/wp\/v2\/product_tag?post=4147"}],"curies":[{"name":"wp","href":"https:\/\/api.w.org\/{rel}","templated":true}]}}