{"id":4144,"date":"2021-09-29T14:26:11","date_gmt":"2021-09-29T14:26:11","guid":{"rendered":"https:\/\/prioratnatur.com\/el-priorat-tradicional-aceite-vermut\/"},"modified":"2026-03-16T09:27:12","modified_gmt":"2026-03-16T09:27:12","slug":"el-priorat-tradicional-aceite-vermut","status":"publish","type":"product","link":"https:\/\/prioratnatur.com\/es\/el-priorat-tradicional-aceite-vermut\/","title":{"rendered":"El Priorat tradicional: Aceite + Vermut"},"content":{"rendered":"","protected":false},"excerpt":{"rendered":"<p>\u00a1<span style=\"font-weight: 400;\">Disfruta de dos productos tan aut\u00e9nticos de nuestra comarca como<\/span> <b>el aceite y el vermut!<\/b><\/p>\n<p><span style=\"font-weight: 400;\">Primero nos adentraremos en el fascinante mundo del aceite con una cata guiada donde aprender\u00e1s c\u00f3mo hacer una cata de aceite, cu\u00e1les son sus atributos, los tipos de aceite que se pueden encontrar en el mercado \u00a1y mucho m\u00e1s! A continuaci\u00f3n, te presentaremos y probar\u00e1s un aut\u00e9ntico vermut lleno de aromas del territorio. <\/span><\/p>\n<p>&nbsp;<\/p>\n<p><b>Lugar:<\/b><span style=\"font-weight: 400;\"> Priorat Natur<\/span><\/p>\n<p><strong>Durada:<\/strong> 1 h<\/p>\n<p><b>Precio:<\/b><span style=\"font-weight: 400;\"> 18 \u20ac \/ persona<\/span><\/p>\n<p><b>Actividad con reserva previa <\/b><\/p>\n","protected":false},"featured_media":17681,"comment_status":"open","ping_status":"closed","template":"","meta":{"_acf_changed":false,"inline_featured_image":false},"product_brand":[],"product_cat":[98],"product_tag":[],"class_list":{"0":"post-4144","1":"product","2":"type-product","3":"status-publish","4":"has-post-thumbnail","6":"product_cat-actividades","8":"first","9":"instock","10":"virtual","11":"taxable","12":"purchasable","13":"product-type-simple"},"acf":[],"_links":{"self":[{"href":"https:\/\/prioratnatur.com\/es\/wp-json\/wp\/v2\/product\/4144","targetHints":{"allow":["GET"]}}],"collection":[{"href":"https:\/\/prioratnatur.com\/es\/wp-json\/wp\/v2\/product"}],"about":[{"href":"https:\/\/prioratnatur.com\/es\/wp-json\/wp\/v2\/types\/product"}],"replies":[{"embeddable":true,"href":"https:\/\/prioratnatur.com\/es\/wp-json\/wp\/v2\/comments?post=4144"}],"version-history":[{"count":3,"href":"https:\/\/prioratnatur.com\/es\/wp-json\/wp\/v2\/product\/4144\/revisions"}],"predecessor-version":[{"id":21958,"href":"https:\/\/prioratnatur.com\/es\/wp-json\/wp\/v2\/product\/4144\/revisions\/21958"}],"wp:featuredmedia":[{"embeddable":true,"href":"https:\/\/prioratnatur.com\/es\/wp-json\/wp\/v2\/media\/17681"}],"wp:attachment":[{"href":"https:\/\/prioratnatur.com\/es\/wp-json\/wp\/v2\/media?parent=4144"}],"wp:term":[{"taxonomy":"product_brand","embeddable":true,"href":"https:\/\/prioratnatur.com\/es\/wp-json\/wp\/v2\/product_brand?post=4144"},{"taxonomy":"product_cat","embeddable":true,"href":"https:\/\/prioratnatur.com\/es\/wp-json\/wp\/v2\/product_cat?post=4144"},{"taxonomy":"product_tag","embeddable":true,"href":"https:\/\/prioratnatur.com\/es\/wp-json\/wp\/v2\/product_tag?post=4144"}],"curies":[{"name":"wp","href":"https:\/\/api.w.org\/{rel}","templated":true}]}}