{"id":4140,"date":"2021-09-29T14:06:00","date_gmt":"2021-09-29T14:06:00","guid":{"rendered":"https:\/\/prioratnatur.com\/introduccion-al-mundo-del-aceite\/"},"modified":"2026-03-16T09:26:37","modified_gmt":"2026-03-16T09:26:37","slug":"introduccion-al-mundo-del-aceite","status":"publish","type":"product","link":"https:\/\/prioratnatur.com\/es\/introduccion-al-mundo-del-aceite\/","title":{"rendered":"Introducci\u00f3n al mundo del aceite"},"content":{"rendered":"<p><br data-mce-bogus=\"1\"><\/p>\n","protected":false},"excerpt":{"rendered":"<p><span style=\"font-weight: 400;\">Descubre el mundo del aceite a trav\u00e9s de<\/span> <b><i>una cata de aceite guiada<\/i><\/b> <span style=\"font-weight: 400;\">de forma amena y divertida.<\/span><\/p>\n<p><span style=\"font-weight: 400;\">Aprender\u00e1s las diferencias entre un aceite de oliva virgen extra, un aceite de oliva virgen y un aceite de oliva, as\u00ed como todos sus atributos y caracter\u00edsticas esenciales. <\/span><\/p>\n<p><span style=\"font-weight: 400;\">\u00a1Y lo m\u00e1s divertido, lo pondremos en pr\u00e1ctica!<\/span><\/p>\n<p>&nbsp;<\/p>\n<p><b>Lugar:<\/b><span style=\"font-weight: 400;\"> Priorat Natur<\/span><\/p>\n<p><strong>Durada:<\/strong> 1 h<\/p>\n<p><b>Precio:<\/b><span style=\"font-weight: 400;\"> 16 \u20ac \/ persona<\/span><\/p>\n<p><strong>Actividad con reserva previa<\/strong><\/p>\n","protected":false},"featured_media":4141,"comment_status":"open","ping_status":"closed","template":"","meta":{"_acf_changed":false,"inline_featured_image":false},"product_brand":[],"product_cat":[98],"product_tag":[],"class_list":{"0":"post-4140","1":"product","2":"type-product","3":"status-publish","4":"has-post-thumbnail","6":"product_cat-actividades","8":"first","9":"instock","10":"virtual","11":"taxable","12":"purchasable","13":"product-type-simple"},"acf":[],"_links":{"self":[{"href":"https:\/\/prioratnatur.com\/es\/wp-json\/wp\/v2\/product\/4140","targetHints":{"allow":["GET"]}}],"collection":[{"href":"https:\/\/prioratnatur.com\/es\/wp-json\/wp\/v2\/product"}],"about":[{"href":"https:\/\/prioratnatur.com\/es\/wp-json\/wp\/v2\/types\/product"}],"replies":[{"embeddable":true,"href":"https:\/\/prioratnatur.com\/es\/wp-json\/wp\/v2\/comments?post=4140"}],"version-history":[{"count":3,"href":"https:\/\/prioratnatur.com\/es\/wp-json\/wp\/v2\/product\/4140\/revisions"}],"predecessor-version":[{"id":21957,"href":"https:\/\/prioratnatur.com\/es\/wp-json\/wp\/v2\/product\/4140\/revisions\/21957"}],"wp:featuredmedia":[{"embeddable":true,"href":"https:\/\/prioratnatur.com\/es\/wp-json\/wp\/v2\/media\/4141"}],"wp:attachment":[{"href":"https:\/\/prioratnatur.com\/es\/wp-json\/wp\/v2\/media?parent=4140"}],"wp:term":[{"taxonomy":"product_brand","embeddable":true,"href":"https:\/\/prioratnatur.com\/es\/wp-json\/wp\/v2\/product_brand?post=4140"},{"taxonomy":"product_cat","embeddable":true,"href":"https:\/\/prioratnatur.com\/es\/wp-json\/wp\/v2\/product_cat?post=4140"},{"taxonomy":"product_tag","embeddable":true,"href":"https:\/\/prioratnatur.com\/es\/wp-json\/wp\/v2\/product_tag?post=4140"}],"curies":[{"name":"wp","href":"https:\/\/api.w.org\/{rel}","templated":true}]}}