{"id":4139,"date":"2021-10-14T16:00:20","date_gmt":"2021-10-14T16:00:20","guid":{"rendered":"https:\/\/prioratnatur.com\/pate-oliva-negra\/"},"modified":"2026-04-11T08:32:53","modified_gmt":"2026-04-11T08:32:53","slug":"pate-oliva-negra","status":"publish","type":"product","link":"https:\/\/prioratnatur.com\/es\/pate-oliva-negra\/","title":{"rendered":"Pat\u00e9 Aceituna Negra"},"content":{"rendered":"","protected":false},"excerpt":{"rendered":"<p><strong>IDEAL PARA<\/strong>&#8230; acompa\u00f1ar bacalao, pasta fresca, patatas y para crear tus propios canap\u00e1s. Tambi\u00e9n se puede disfrutar simplemente unt\u00e1ndolo en una tostada de pan. <\/p>\n<p>Es un pat\u00e9 elaborado siguiendo recetas tradicionales. Un producto sin secretos y 100% natural. Para prepararlo, se tritura con mucho cuidado nuestra aceituna negra, se a\u00f1ade aceite de oliva y sal, hasta obtener una textura granulada y un sabor con mucha personalidad.   <\/p>\n<p><strong>Pru\u00e9balo y atr\u00e9vete a hacer tu propia receta. \u00a1Seguro que te sorprender\u00e1! <\/strong><\/p>\n","protected":false},"featured_media":6909,"comment_status":"open","ping_status":"closed","template":"","meta":{"_acf_changed":false,"inline_featured_image":false},"product_brand":[],"product_cat":[67],"product_tag":[],"class_list":{"0":"post-4139","1":"product","2":"type-product","3":"status-publish","4":"has-post-thumbnail","6":"product_cat-salsas","8":"first","9":"instock","10":"featured","11":"taxable","12":"shipping-taxable","13":"purchasable","14":"product-type-simple"},"acf":[],"_links":{"self":[{"href":"https:\/\/prioratnatur.com\/es\/wp-json\/wp\/v2\/product\/4139","targetHints":{"allow":["GET"]}}],"collection":[{"href":"https:\/\/prioratnatur.com\/es\/wp-json\/wp\/v2\/product"}],"about":[{"href":"https:\/\/prioratnatur.com\/es\/wp-json\/wp\/v2\/types\/product"}],"replies":[{"embeddable":true,"href":"https:\/\/prioratnatur.com\/es\/wp-json\/wp\/v2\/comments?post=4139"}],"version-history":[{"count":2,"href":"https:\/\/prioratnatur.com\/es\/wp-json\/wp\/v2\/product\/4139\/revisions"}],"predecessor-version":[{"id":21827,"href":"https:\/\/prioratnatur.com\/es\/wp-json\/wp\/v2\/product\/4139\/revisions\/21827"}],"wp:featuredmedia":[{"embeddable":true,"href":"https:\/\/prioratnatur.com\/es\/wp-json\/wp\/v2\/media\/6909"}],"wp:attachment":[{"href":"https:\/\/prioratnatur.com\/es\/wp-json\/wp\/v2\/media?parent=4139"}],"wp:term":[{"taxonomy":"product_brand","embeddable":true,"href":"https:\/\/prioratnatur.com\/es\/wp-json\/wp\/v2\/product_brand?post=4139"},{"taxonomy":"product_cat","embeddable":true,"href":"https:\/\/prioratnatur.com\/es\/wp-json\/wp\/v2\/product_cat?post=4139"},{"taxonomy":"product_tag","embeddable":true,"href":"https:\/\/prioratnatur.com\/es\/wp-json\/wp\/v2\/product_tag?post=4139"}],"curies":[{"name":"wp","href":"https:\/\/api.w.org\/{rel}","templated":true}]}}