{"id":4138,"date":"2021-10-14T15:53:12","date_gmt":"2021-10-14T15:53:12","guid":{"rendered":"https:\/\/prioratnatur.com\/pate-oliva-arbequina\/"},"modified":"2026-02-27T17:54:29","modified_gmt":"2026-02-27T17:54:29","slug":"pate-oliva-arbequina","status":"publish","type":"product","link":"https:\/\/prioratnatur.com\/es\/pate-oliva-arbequina\/","title":{"rendered":"Pat\u00e9 Aceituna Arbequina"},"content":{"rendered":"","protected":false},"excerpt":{"rendered":"<p><strong>IDEAL PER A<\/strong>&#8230; acompanyar peix, carn i pasta. Amb aquest producte es poden crear divertits i originals canap\u00e8s. <\/p>\n<p>Es un pat\u00e9 elaborado siguiendo recetas tradicionales. Un producto sin secretos, 100% natural y de nuestro territorio. <\/p>\n<p>Nuestra oliva arbequina se macera con hierbas, sal y aceite de oliva. Una vez deshuesada la oliva, lo trituramos todo junto con mucho cuidado hasta obtener una textura granulada y un sabor intenso. <\/p>\n<p>El pat\u00e9 de oliva arbequina tiene mucha personalidad. Quiz\u00e1s no se utiliza tanto como el pat\u00e9 de oliva negra, pero pru\u00e9balo\u2014estamos seguros de que te sorprender\u00e1 gratamente.<\/p>\n<p><strong>Pru\u00e9balo y atr\u00e9vete a hacer tu propia receta. \u00a1Seguro que te sorprender\u00e1!<\/strong><\/p>\n","protected":false},"featured_media":6906,"comment_status":"open","ping_status":"closed","template":"","meta":{"_acf_changed":false,"inline_featured_image":false},"product_brand":[],"product_cat":[67],"product_tag":[],"class_list":{"0":"post-4138","1":"product","2":"type-product","3":"status-publish","4":"has-post-thumbnail","6":"product_cat-salsas","8":"first","9":"instock","10":"taxable","11":"shipping-taxable","12":"purchasable","13":"product-type-simple"},"acf":[],"_links":{"self":[{"href":"https:\/\/prioratnatur.com\/es\/wp-json\/wp\/v2\/product\/4138","targetHints":{"allow":["GET"]}}],"collection":[{"href":"https:\/\/prioratnatur.com\/es\/wp-json\/wp\/v2\/product"}],"about":[{"href":"https:\/\/prioratnatur.com\/es\/wp-json\/wp\/v2\/types\/product"}],"replies":[{"embeddable":true,"href":"https:\/\/prioratnatur.com\/es\/wp-json\/wp\/v2\/comments?post=4138"}],"version-history":[{"count":2,"href":"https:\/\/prioratnatur.com\/es\/wp-json\/wp\/v2\/product\/4138\/revisions"}],"predecessor-version":[{"id":21828,"href":"https:\/\/prioratnatur.com\/es\/wp-json\/wp\/v2\/product\/4138\/revisions\/21828"}],"wp:featuredmedia":[{"embeddable":true,"href":"https:\/\/prioratnatur.com\/es\/wp-json\/wp\/v2\/media\/6906"}],"wp:attachment":[{"href":"https:\/\/prioratnatur.com\/es\/wp-json\/wp\/v2\/media?parent=4138"}],"wp:term":[{"taxonomy":"product_brand","embeddable":true,"href":"https:\/\/prioratnatur.com\/es\/wp-json\/wp\/v2\/product_brand?post=4138"},{"taxonomy":"product_cat","embeddable":true,"href":"https:\/\/prioratnatur.com\/es\/wp-json\/wp\/v2\/product_cat?post=4138"},{"taxonomy":"product_tag","embeddable":true,"href":"https:\/\/prioratnatur.com\/es\/wp-json\/wp\/v2\/product_tag?post=4138"}],"curies":[{"name":"wp","href":"https:\/\/api.w.org\/{rel}","templated":true}]}}