{"id":22150,"date":"2026-04-26T10:22:33","date_gmt":"2026-04-26T10:22:33","guid":{"rendered":"https:\/\/prioratnatur.com\/?post_type=product&#038;p=22150"},"modified":"2026-04-26T10:25:47","modified_gmt":"2026-04-26T10:25:47","slug":"regalo-origen-copia-copia-copia","status":"publish","type":"product","link":"https:\/\/prioratnatur.com\/es\/regalo-origen-copia-copia-copia\/","title":{"rendered":"Regalo Origen (C\u00f2pia) (C\u00f2pia) (C\u00f2pia)"},"content":{"rendered":"","protected":false},"excerpt":{"rendered":"<p><strong>Compuesto por:<\/strong><\/p>\n<p><!-- \/wp:paragraph --><!-- wp:paragraph --><\/p>\n<p>1 bot. vino tinto 17-XI D.O. Montsant<\/p>\n<p><!-- \/wp:paragraph --><!-- wp:paragraph --><\/p>\n<p>1 bot. Aceite de Oliva Virgen extra Neus 375\u202fml.<\/p>\n<p>1 bote aceitunas arbequinas 210 g<\/p>\n<p><!-- \/wp:paragraph --><!-- wp:paragraph --><\/p>\n<p><!-- \/wp:paragraph --><!-- wp:paragraph --><\/p>\n<p><!-- \/wp:paragraph --><!-- wp:paragraph --><\/p>\n<p><!-- \/wp:paragraph --><!-- wp:paragraph --><\/p>\n<p>1 bote nueces acarameladas 120 g<\/p>\n<p>1 bote almendra marcona salada 120 g<\/p>\n<p>1 bomb\u00f3n almendra marcona lim\u00f3n 120 gr<\/p>\n<p>1 bomb\u00f3n almendra marcona cacao 80 gr<\/p>\n<p>1 pat\u00e9 aceituna arbequina<\/p>\n<p>1 membrillo artesano<\/p>\n<p>1 mini mermelada melocot\u00f3n de la vi\u00f1a<\/p>\n<p>1 mini pur\u00e9 de manzana<\/p>\n<p><!-- \/wp:paragraph --><!-- wp:paragraph --><\/p>\n<p><strong>Presentaci\u00f3n:<\/strong> cesta\/bolso. Regalo envuelto con celof\u00e1n y lazo de rafia.<\/p>\n","protected":false},"featured_media":22154,"comment_status":"closed","ping_status":"closed","template":"","meta":{"_acf_changed":false,"inline_featured_image":false},"product_brand":[],"product_cat":[66],"product_tag":[205,206],"class_list":{"0":"post-22150","1":"product","2":"type-product","3":"status-publish","4":"has-post-thumbnail","6":"product_cat-regalos","7":"product_tag-menos-de-50e","8":"product_tag-sin-alcohol","10":"first","11":"instock","12":"taxable","13":"shipping-taxable","14":"purchasable","15":"product-type-simple"},"acf":[],"_links":{"self":[{"href":"https:\/\/prioratnatur.com\/es\/wp-json\/wp\/v2\/product\/22150","targetHints":{"allow":["GET"]}}],"collection":[{"href":"https:\/\/prioratnatur.com\/es\/wp-json\/wp\/v2\/product"}],"about":[{"href":"https:\/\/prioratnatur.com\/es\/wp-json\/wp\/v2\/types\/product"}],"replies":[{"embeddable":true,"href":"https:\/\/prioratnatur.com\/es\/wp-json\/wp\/v2\/comments?post=22150"}],"version-history":[{"count":1,"href":"https:\/\/prioratnatur.com\/es\/wp-json\/wp\/v2\/product\/22150\/revisions"}],"predecessor-version":[{"id":22155,"href":"https:\/\/prioratnatur.com\/es\/wp-json\/wp\/v2\/product\/22150\/revisions\/22155"}],"wp:featuredmedia":[{"embeddable":true,"href":"https:\/\/prioratnatur.com\/es\/wp-json\/wp\/v2\/media\/22154"}],"wp:attachment":[{"href":"https:\/\/prioratnatur.com\/es\/wp-json\/wp\/v2\/media?parent=22150"}],"wp:term":[{"taxonomy":"product_brand","embeddable":true,"href":"https:\/\/prioratnatur.com\/es\/wp-json\/wp\/v2\/product_brand?post=22150"},{"taxonomy":"product_cat","embeddable":true,"href":"https:\/\/prioratnatur.com\/es\/wp-json\/wp\/v2\/product_cat?post=22150"},{"taxonomy":"product_tag","embeddable":true,"href":"https:\/\/prioratnatur.com\/es\/wp-json\/wp\/v2\/product_tag?post=22150"}],"curies":[{"name":"wp","href":"https:\/\/api.w.org\/{rel}","templated":true}]}}