{"id":22026,"date":"2026-03-24T16:36:13","date_gmt":"2026-03-24T16:36:13","guid":{"rendered":"https:\/\/prioratnatur.com\/?post_type=product&#038;p=22026"},"modified":"2026-03-24T16:51:45","modified_gmt":"2026-03-24T16:51:45","slug":"aceite-virgen-extra-priorat-natur-5l-copia","status":"publish","type":"product","link":"https:\/\/prioratnatur.com\/es\/aceite-virgen-extra-priorat-natur-5l-copia\/","title":{"rendered":"Aceite Virgen Extra Priorat Natur 3l"},"content":{"rendered":"","protected":false},"excerpt":{"rendered":"<p><strong>IDEAL PARA&#8230;<\/strong> acompa\u00f1ar cualquier tipo de carne o pescado, tambi\u00e9n para verduras o ensalada. Si quieres, puedes cocinar y fre\u00edr con el aceite Priorat Natur.<\/p>\n<p>El aceite Priorat Natur es excelente para consumir a diario. Su sabor dulce y afrutado nos recuerda a frutos secos, tomate y manzana. Ali\u00f1a tus platos favoritos con este aceite arbequ\u00edn de m\u00e1xima calidad. Es un aceite virgen extra de aceitunas arbequinas del Priorat. Es afrutado, dulce y con un toque picante al final.<\/p>\n<p><strong>\u00a1Est\u00e1 buen\u00edsimo! <\/strong><\/p>\n","protected":false},"featured_media":22030,"comment_status":"open","ping_status":"closed","template":"","meta":{"_acf_changed":false,"inline_featured_image":false},"product_brand":[],"product_cat":[63,58],"product_tag":[],"class_list":{"0":"post-22026","1":"product","2":"type-product","3":"status-publish","4":"has-post-thumbnail","6":"product_cat-aceite-oliva-virgen-extra","7":"product_cat-gran-formato","9":"first","10":"instock","11":"taxable","12":"shipping-taxable","13":"purchasable","14":"product-type-simple"},"acf":[],"_links":{"self":[{"href":"https:\/\/prioratnatur.com\/es\/wp-json\/wp\/v2\/product\/22026","targetHints":{"allow":["GET"]}}],"collection":[{"href":"https:\/\/prioratnatur.com\/es\/wp-json\/wp\/v2\/product"}],"about":[{"href":"https:\/\/prioratnatur.com\/es\/wp-json\/wp\/v2\/types\/product"}],"replies":[{"embeddable":true,"href":"https:\/\/prioratnatur.com\/es\/wp-json\/wp\/v2\/comments?post=22026"}],"version-history":[{"count":1,"href":"https:\/\/prioratnatur.com\/es\/wp-json\/wp\/v2\/product\/22026\/revisions"}],"predecessor-version":[{"id":22032,"href":"https:\/\/prioratnatur.com\/es\/wp-json\/wp\/v2\/product\/22026\/revisions\/22032"}],"wp:featuredmedia":[{"embeddable":true,"href":"https:\/\/prioratnatur.com\/es\/wp-json\/wp\/v2\/media\/22030"}],"wp:attachment":[{"href":"https:\/\/prioratnatur.com\/es\/wp-json\/wp\/v2\/media?parent=22026"}],"wp:term":[{"taxonomy":"product_brand","embeddable":true,"href":"https:\/\/prioratnatur.com\/es\/wp-json\/wp\/v2\/product_brand?post=22026"},{"taxonomy":"product_cat","embeddable":true,"href":"https:\/\/prioratnatur.com\/es\/wp-json\/wp\/v2\/product_cat?post=22026"},{"taxonomy":"product_tag","embeddable":true,"href":"https:\/\/prioratnatur.com\/es\/wp-json\/wp\/v2\/product_tag?post=22026"}],"curies":[{"name":"wp","href":"https:\/\/api.w.org\/{rel}","templated":true}]}}