{"id":21915,"date":"2026-03-12T17:50:49","date_gmt":"2026-03-12T17:50:49","guid":{"rendered":"https:\/\/prioratnatur.com\/?post_type=product&#038;p=21915"},"modified":"2026-03-19T17:12:34","modified_gmt":"2026-03-19T17:12:34","slug":"almendra-marcona-salada-copia-copia-copia","status":"publish","type":"product","link":"https:\/\/prioratnatur.com\/es\/almendra-marcona-salada-copia-copia-copia\/","title":{"rendered":"Almendra Marcona con Romero"},"content":{"rendered":"","protected":false},"excerpt":{"rendered":"<p data-start=\"119\" data-end=\"252\"><strong data-start=\"119\" data-end=\"149\">Almendra Marcona con romero<\/strong>, ideal para compartir, para acompa\u00f1ar un buen vermut o para disfrutar de un snack con car\u00e1cter mediterr\u00e1neo.<\/p>\n<p data-start=\"259\" data-end=\"412\">Nuestras almendras Marcona se tuestan con esmero y les a\u00f1adimos hierbas de romero, obteniendo as\u00ed una almendra crujiente con un ligero toque de romero.<\/p>\n<p data-start=\"419\" data-end=\"464\">Un snack gourmet con esencia mediterr\u00e1nea.<\/p>\n<p data-start=\"471\" data-end=\"485\"><strong data-start=\"471\" data-end=\"485\">Pru\u00e9balas!<\/strong><\/p>\n","protected":false},"featured_media":21918,"comment_status":"open","ping_status":"closed","template":"","meta":{"_acf_changed":false,"inline_featured_image":false},"product_brand":[],"product_cat":[57],"product_tag":[],"class_list":{"0":"post-21915","1":"product","2":"type-product","3":"status-publish","4":"has-post-thumbnail","6":"product_cat-frutos-secos","8":"first","9":"instock","10":"taxable","11":"shipping-taxable","12":"purchasable","13":"product-type-simple"},"acf":[],"_links":{"self":[{"href":"https:\/\/prioratnatur.com\/es\/wp-json\/wp\/v2\/product\/21915","targetHints":{"allow":["GET"]}}],"collection":[{"href":"https:\/\/prioratnatur.com\/es\/wp-json\/wp\/v2\/product"}],"about":[{"href":"https:\/\/prioratnatur.com\/es\/wp-json\/wp\/v2\/types\/product"}],"replies":[{"embeddable":true,"href":"https:\/\/prioratnatur.com\/es\/wp-json\/wp\/v2\/comments?post=21915"}],"version-history":[{"count":1,"href":"https:\/\/prioratnatur.com\/es\/wp-json\/wp\/v2\/product\/21915\/revisions"}],"predecessor-version":[{"id":21951,"href":"https:\/\/prioratnatur.com\/es\/wp-json\/wp\/v2\/product\/21915\/revisions\/21951"}],"wp:featuredmedia":[{"embeddable":true,"href":"https:\/\/prioratnatur.com\/es\/wp-json\/wp\/v2\/media\/21918"}],"wp:attachment":[{"href":"https:\/\/prioratnatur.com\/es\/wp-json\/wp\/v2\/media?parent=21915"}],"wp:term":[{"taxonomy":"product_brand","embeddable":true,"href":"https:\/\/prioratnatur.com\/es\/wp-json\/wp\/v2\/product_brand?post=21915"},{"taxonomy":"product_cat","embeddable":true,"href":"https:\/\/prioratnatur.com\/es\/wp-json\/wp\/v2\/product_cat?post=21915"},{"taxonomy":"product_tag","embeddable":true,"href":"https:\/\/prioratnatur.com\/es\/wp-json\/wp\/v2\/product_tag?post=21915"}],"curies":[{"name":"wp","href":"https:\/\/api.w.org\/{rel}","templated":true}]}}