{"id":21894,"date":"2026-03-12T17:43:22","date_gmt":"2026-03-12T17:43:22","guid":{"rendered":"https:\/\/prioratnatur.com\/?post_type=product&#038;p=21894"},"modified":"2026-03-19T17:12:36","modified_gmt":"2026-03-19T17:12:36","slug":"almendra-marcona-salada-copia-copia","status":"publish","type":"product","link":"https:\/\/prioratnatur.com\/es\/almendra-marcona-salada-copia-copia\/","title":{"rendered":"Almendra Marcona Salted Caramel con Romero"},"content":{"rendered":"","protected":false},"excerpt":{"rendered":"<p data-start=\"110\" data-end=\"244\"><strong data-start=\"110\" data-end=\"155\">Almendra Marcona Salted Caramel con romero,<\/strong> ideal para compartir, para acompa\u00f1ar un buen aperitivo o para disfrutar de un capricho diferente.<\/p>\n<p data-start=\"251\" data-end=\"447\">Nuestras almendras Marcona se caramelizan de forma natural con agua y az\u00facar, a continuaci\u00f3n les a\u00f1adimos un toque de sal marina y hierbas de romero, creando una combinaci\u00f3n sorprendente entre dulce, salado y notas herb\u00e1ceas que potencia todo su sabor.<\/p>\n<p data-start=\"454\" data-end=\"497\">Un snack gourmet original e irresistible.<\/p>\n<p data-start=\"504\" data-end=\"518\"><strong data-start=\"504\" data-end=\"518\">Pru\u00e9balas!<\/strong><\/p>\n","protected":false},"featured_media":21901,"comment_status":"open","ping_status":"closed","template":"","meta":{"_acf_changed":false,"inline_featured_image":false},"product_brand":[],"product_cat":[57],"product_tag":[],"class_list":{"0":"post-21894","1":"product","2":"type-product","3":"status-publish","4":"has-post-thumbnail","6":"product_cat-frutos-secos","8":"first","9":"instock","10":"taxable","11":"shipping-taxable","12":"purchasable","13":"product-type-simple"},"acf":[],"_links":{"self":[{"href":"https:\/\/prioratnatur.com\/es\/wp-json\/wp\/v2\/product\/21894","targetHints":{"allow":["GET"]}}],"collection":[{"href":"https:\/\/prioratnatur.com\/es\/wp-json\/wp\/v2\/product"}],"about":[{"href":"https:\/\/prioratnatur.com\/es\/wp-json\/wp\/v2\/types\/product"}],"replies":[{"embeddable":true,"href":"https:\/\/prioratnatur.com\/es\/wp-json\/wp\/v2\/comments?post=21894"}],"version-history":[{"count":1,"href":"https:\/\/prioratnatur.com\/es\/wp-json\/wp\/v2\/product\/21894\/revisions"}],"predecessor-version":[{"id":21954,"href":"https:\/\/prioratnatur.com\/es\/wp-json\/wp\/v2\/product\/21894\/revisions\/21954"}],"wp:featuredmedia":[{"embeddable":true,"href":"https:\/\/prioratnatur.com\/es\/wp-json\/wp\/v2\/media\/21901"}],"wp:attachment":[{"href":"https:\/\/prioratnatur.com\/es\/wp-json\/wp\/v2\/media?parent=21894"}],"wp:term":[{"taxonomy":"product_brand","embeddable":true,"href":"https:\/\/prioratnatur.com\/es\/wp-json\/wp\/v2\/product_brand?post=21894"},{"taxonomy":"product_cat","embeddable":true,"href":"https:\/\/prioratnatur.com\/es\/wp-json\/wp\/v2\/product_cat?post=21894"},{"taxonomy":"product_tag","embeddable":true,"href":"https:\/\/prioratnatur.com\/es\/wp-json\/wp\/v2\/product_tag?post=21894"}],"curies":[{"name":"wp","href":"https:\/\/api.w.org\/{rel}","templated":true}]}}