{"id":21866,"date":"2026-03-12T17:31:45","date_gmt":"2026-03-12T17:31:45","guid":{"rendered":"https:\/\/prioratnatur.com\/?post_type=product&#038;p=21866"},"modified":"2026-03-19T17:12:38","modified_gmt":"2026-03-19T17:12:38","slug":"almendra-marcona-salada-copia","status":"publish","type":"product","link":"https:\/\/prioratnatur.com\/es\/almendra-marcona-salada-copia\/","title":{"rendered":"Almendra Marcona Salted Caramel"},"content":{"rendered":"","protected":false},"excerpt":{"rendered":"<p><strong>Almendra Marcona Salted Caramel:<\/strong> ideal para compartir, para acompa\u00f1ar un buen aperitivo o para darse un capricho dulce entre horas.<\/p>\n<p>Nuestras almendras Marcona se caramelizan de forma natural con agua y az\u00facar, a continuaci\u00f3n les a\u00f1adimos un toque de sal marina, creando un contraste irresistible entre dulce y salado que potencia todo su sabor.<\/p>\n<p>Un snack gourmet sorprendente y delicioso.<\/p>\n<p>\u00a1Pru\u00e9balas!<\/p>\n","protected":false},"featured_media":21873,"comment_status":"open","ping_status":"closed","template":"","meta":{"_acf_changed":false,"inline_featured_image":false},"product_brand":[],"product_cat":[57],"product_tag":[],"class_list":{"0":"post-21866","1":"product","2":"type-product","3":"status-publish","4":"has-post-thumbnail","6":"product_cat-frutos-secos","8":"first","9":"instock","10":"taxable","11":"shipping-taxable","12":"purchasable","13":"product-type-simple"},"acf":[],"_links":{"self":[{"href":"https:\/\/prioratnatur.com\/es\/wp-json\/wp\/v2\/product\/21866","targetHints":{"allow":["GET"]}}],"collection":[{"href":"https:\/\/prioratnatur.com\/es\/wp-json\/wp\/v2\/product"}],"about":[{"href":"https:\/\/prioratnatur.com\/es\/wp-json\/wp\/v2\/types\/product"}],"replies":[{"embeddable":true,"href":"https:\/\/prioratnatur.com\/es\/wp-json\/wp\/v2\/comments?post=21866"}],"version-history":[{"count":1,"href":"https:\/\/prioratnatur.com\/es\/wp-json\/wp\/v2\/product\/21866\/revisions"}],"predecessor-version":[{"id":21955,"href":"https:\/\/prioratnatur.com\/es\/wp-json\/wp\/v2\/product\/21866\/revisions\/21955"}],"wp:featuredmedia":[{"embeddable":true,"href":"https:\/\/prioratnatur.com\/es\/wp-json\/wp\/v2\/media\/21873"}],"wp:attachment":[{"href":"https:\/\/prioratnatur.com\/es\/wp-json\/wp\/v2\/media?parent=21866"}],"wp:term":[{"taxonomy":"product_brand","embeddable":true,"href":"https:\/\/prioratnatur.com\/es\/wp-json\/wp\/v2\/product_brand?post=21866"},{"taxonomy":"product_cat","embeddable":true,"href":"https:\/\/prioratnatur.com\/es\/wp-json\/wp\/v2\/product_cat?post=21866"},{"taxonomy":"product_tag","embeddable":true,"href":"https:\/\/prioratnatur.com\/es\/wp-json\/wp\/v2\/product_tag?post=21866"}],"curies":[{"name":"wp","href":"https:\/\/api.w.org\/{rel}","templated":true}]}}