{"id":21842,"date":"2026-03-09T16:36:19","date_gmt":"2026-03-09T16:36:19","guid":{"rendered":"https:\/\/prioratnatur.com\/?post_type=product&#038;p=21842"},"modified":"2026-03-13T15:22:27","modified_gmt":"2026-03-13T15:22:27","slug":"vermut-priorat-natur-copia","status":"publish","type":"product","link":"https:\/\/prioratnatur.com\/es\/vermut-priorat-natur-copia\/","title":{"rendered":"Vermut Priorat Natur 350ml"},"content":{"rendered":"","protected":false},"excerpt":{"rendered":"<p><strong>El Vermut Priorat Natur es ideal para&#8230;<\/strong> tomar como aperitivo antes de una comida, se puede acompa\u00f1ar con aceitunas, frutos secos salados o tostados. Tambi\u00e9n combina muy bien con platos de pescado o marisco. Y si te gustan los dulces, puedes tomarlo de postre para acompa\u00f1ar un pastel de chocolate.  <\/p>\n<p>Consumir fr\u00edo. Puedes tomarlo solo o con hielo y un trocito de naranja o lim\u00f3n si lo prefieres. <\/p>\n<p>Este es un aut\u00e9ntico vermut, un vermut que recuerda a los de toda la vida, pero m\u00e1s fino y elegante. Es intenso, arom\u00e1tico, dulce y tiene un toque amargo al final que le aporta frescura. <\/p>\n<p><strong>Un aut\u00e9ntico vermut, \u00a1pru\u00e9balo y seguro que TE ENAMORAR\u00c1!<br \/><\/strong><\/p>\n","protected":false},"featured_media":21845,"comment_status":"open","ping_status":"closed","template":"","meta":{"_acf_changed":false,"inline_featured_image":false},"product_brand":[],"product_cat":[68],"product_tag":[292],"class_list":{"0":"post-21842","1":"product","2":"type-product","3":"status-publish","4":"has-post-thumbnail","6":"product_cat-vermut-del-priorat","7":"product_tag-estrella-es","9":"first","10":"instock","11":"featured","12":"taxable","13":"shipping-taxable","14":"purchasable","15":"product-type-simple"},"acf":[],"_links":{"self":[{"href":"https:\/\/prioratnatur.com\/es\/wp-json\/wp\/v2\/product\/21842","targetHints":{"allow":["GET"]}}],"collection":[{"href":"https:\/\/prioratnatur.com\/es\/wp-json\/wp\/v2\/product"}],"about":[{"href":"https:\/\/prioratnatur.com\/es\/wp-json\/wp\/v2\/types\/product"}],"replies":[{"embeddable":true,"href":"https:\/\/prioratnatur.com\/es\/wp-json\/wp\/v2\/comments?post=21842"}],"version-history":[{"count":2,"href":"https:\/\/prioratnatur.com\/es\/wp-json\/wp\/v2\/product\/21842\/revisions"}],"predecessor-version":[{"id":21943,"href":"https:\/\/prioratnatur.com\/es\/wp-json\/wp\/v2\/product\/21842\/revisions\/21943"}],"wp:featuredmedia":[{"embeddable":true,"href":"https:\/\/prioratnatur.com\/es\/wp-json\/wp\/v2\/media\/21845"}],"wp:attachment":[{"href":"https:\/\/prioratnatur.com\/es\/wp-json\/wp\/v2\/media?parent=21842"}],"wp:term":[{"taxonomy":"product_brand","embeddable":true,"href":"https:\/\/prioratnatur.com\/es\/wp-json\/wp\/v2\/product_brand?post=21842"},{"taxonomy":"product_cat","embeddable":true,"href":"https:\/\/prioratnatur.com\/es\/wp-json\/wp\/v2\/product_cat?post=21842"},{"taxonomy":"product_tag","embeddable":true,"href":"https:\/\/prioratnatur.com\/es\/wp-json\/wp\/v2\/product_tag?post=21842"}],"curies":[{"name":"wp","href":"https:\/\/api.w.org\/{rel}","templated":true}]}}