{"id":21709,"date":"2023-06-20T16:15:38","date_gmt":"2023-06-20T16:15:38","guid":{"rendered":"https:\/\/prioratnatur.com\/marmellans-blanc\/"},"modified":"2026-02-24T16:57:38","modified_gmt":"2026-02-24T16:57:38","slug":"marmellans-blanc","status":"publish","type":"product","link":"https:\/\/prioratnatur.com\/es\/marmellans-blanc\/","title":{"rendered":"Marmellans blanc"},"content":{"rendered":"","protected":false},"excerpt":{"rendered":"<p><strong>Vi Marmellans Blanc. Celler de Cap\u00e7anes. DO. Montsant   <\/strong><\/p>\n<p>Marmellans Blanc es un vino blanco de la D.O. Montsant elaborado por Celler de Cap\u00e7anes. La bodega es una cooperativa fruto de la uni\u00f3n de varias familias de Cap\u00e7anes en 1933.<br \/>\nBodega de Cap\u00e7anes se sit\u00faa en el interior del Priorat, en la provincia de Tarragona. <\/p>\n<p>Marmellans Blanc es un vino joven elaborado en <strong>un 60% de Garnacha blanca y en un 40% de Macabeo<\/strong>. Las uvas proceden de vi\u00f1edos viejos de 40 a\u00f1os plantados a una altitud de entre 150 y 450m. <\/p>\n<p>Para la elaboraci\u00f3n de Marmellans Blanc, el mosto se ferment\u00f3 a 20\u00baC en dep\u00f3sitos de acero inoxidable y permaneci\u00f3 durante 4 meses en contacto con sus madres.<\/p>\n<p>Los vinos Marmellans vienen a completar junto con los Mas Donis, la propuesta de vinos j\u00f3venes de Celler Cap\u00e7anes, en este caso Marmellans Blanc constituye una opci\u00f3n muy econ\u00f3mica y atrevida.<\/p>\n<p>Alcohol: 13.00%<\/p>\n<p>Volumen: 75 cl.<\/p>\n","protected":false},"featured_media":10448,"comment_status":"open","ping_status":"closed","template":"","meta":{"_acf_changed":false,"inline_featured_image":false},"product_brand":[],"product_cat":[69],"product_tag":[191],"class_list":{"0":"post-21709","1":"product","2":"type-product","3":"status-publish","4":"has-post-thumbnail","6":"product_cat-vinos-priorat-y-productos-de-proximidad","7":"product_tag-vegano","9":"first","10":"instock","11":"taxable","12":"shipping-taxable","13":"purchasable","14":"product-type-simple"},"acf":[],"_links":{"self":[{"href":"https:\/\/prioratnatur.com\/es\/wp-json\/wp\/v2\/product\/21709","targetHints":{"allow":["GET"]}}],"collection":[{"href":"https:\/\/prioratnatur.com\/es\/wp-json\/wp\/v2\/product"}],"about":[{"href":"https:\/\/prioratnatur.com\/es\/wp-json\/wp\/v2\/types\/product"}],"replies":[{"embeddable":true,"href":"https:\/\/prioratnatur.com\/es\/wp-json\/wp\/v2\/comments?post=21709"}],"version-history":[{"count":0,"href":"https:\/\/prioratnatur.com\/es\/wp-json\/wp\/v2\/product\/21709\/revisions"}],"wp:featuredmedia":[{"embeddable":true,"href":"https:\/\/prioratnatur.com\/es\/wp-json\/wp\/v2\/media\/10448"}],"wp:attachment":[{"href":"https:\/\/prioratnatur.com\/es\/wp-json\/wp\/v2\/media?parent=21709"}],"wp:term":[{"taxonomy":"product_brand","embeddable":true,"href":"https:\/\/prioratnatur.com\/es\/wp-json\/wp\/v2\/product_brand?post=21709"},{"taxonomy":"product_cat","embeddable":true,"href":"https:\/\/prioratnatur.com\/es\/wp-json\/wp\/v2\/product_cat?post=21709"},{"taxonomy":"product_tag","embeddable":true,"href":"https:\/\/prioratnatur.com\/es\/wp-json\/wp\/v2\/product_tag?post=21709"}],"curies":[{"name":"wp","href":"https:\/\/api.w.org\/{rel}","templated":true}]}}