{"id":19783,"date":"2023-07-11T17:10:17","date_gmt":"2023-07-11T17:10:17","guid":{"rendered":"https:\/\/prioratnatur.com\/camiseta-mujer-priorat-olivo\/"},"modified":"2025-09-30T10:05:33","modified_gmt":"2025-09-30T10:05:33","slug":"camiseta-mujer-priorat-olivo","status":"publish","type":"product","link":"https:\/\/prioratnatur.com\/es\/camiseta-mujer-priorat-olivo\/","title":{"rendered":"Camiseta Mujer Priorat Olivo"},"content":{"rendered":"","protected":false},"excerpt":{"rendered":"<p style=\"text-align: justify;\">Camiseta para mujer con un dise\u00f1o inspirado en la esencia del Priorat. Estampada con un olivo, s\u00edmbolo de la tierra y la tradici\u00f3n de la comarca, esta prenda es perfecta para mostrar tu amor por el territorio. Confeccionada con algod\u00f3n de alta calidad, ofrece confort y estilo para cualquier ocasi\u00f3n. Disponible en varias tallas.   <\/p>\n","protected":false},"featured_media":10674,"comment_status":"closed","ping_status":"closed","template":"","meta":{"_acf_changed":false,"inline_featured_image":false},"product_brand":[],"product_cat":[65],"product_tag":[],"class_list":{"0":"post-19783","1":"product","2":"type-product","3":"status-publish","4":"has-post-thumbnail","6":"product_cat-recuerdos-del-priorat","8":"first","9":"instock","10":"taxable","11":"shipping-taxable","12":"purchasable","13":"product-type-variable"},"acf":[],"_links":{"self":[{"href":"https:\/\/prioratnatur.com\/es\/wp-json\/wp\/v2\/product\/19783","targetHints":{"allow":["GET"]}}],"collection":[{"href":"https:\/\/prioratnatur.com\/es\/wp-json\/wp\/v2\/product"}],"about":[{"href":"https:\/\/prioratnatur.com\/es\/wp-json\/wp\/v2\/types\/product"}],"replies":[{"embeddable":true,"href":"https:\/\/prioratnatur.com\/es\/wp-json\/wp\/v2\/comments?post=19783"}],"version-history":[{"count":1,"href":"https:\/\/prioratnatur.com\/es\/wp-json\/wp\/v2\/product\/19783\/revisions"}],"predecessor-version":[{"id":19792,"href":"https:\/\/prioratnatur.com\/es\/wp-json\/wp\/v2\/product\/19783\/revisions\/19792"}],"wp:featuredmedia":[{"embeddable":true,"href":"https:\/\/prioratnatur.com\/es\/wp-json\/wp\/v2\/media\/10674"}],"wp:attachment":[{"href":"https:\/\/prioratnatur.com\/es\/wp-json\/wp\/v2\/media?parent=19783"}],"wp:term":[{"taxonomy":"product_brand","embeddable":true,"href":"https:\/\/prioratnatur.com\/es\/wp-json\/wp\/v2\/product_brand?post=19783"},{"taxonomy":"product_cat","embeddable":true,"href":"https:\/\/prioratnatur.com\/es\/wp-json\/wp\/v2\/product_cat?post=19783"},{"taxonomy":"product_tag","embeddable":true,"href":"https:\/\/prioratnatur.com\/es\/wp-json\/wp\/v2\/product_tag?post=19783"}],"curies":[{"name":"wp","href":"https:\/\/api.w.org\/{rel}","templated":true}]}}