{"id":19675,"date":"2025-09-25T10:52:12","date_gmt":"2025-09-25T10:52:12","guid":{"rendered":"https:\/\/prioratnatur.com\/cesta-de-navidad-cm2\/"},"modified":"2025-09-26T09:56:58","modified_gmt":"2025-09-26T09:56:58","slug":"cesta-de-navidad-cm2","status":"publish","type":"product","link":"https:\/\/prioratnatur.com\/es\/cesta-de-navidad-cm2\/","title":{"rendered":"Cesta de Navidad CM2"},"content":{"rendered":"","protected":false},"excerpt":{"rendered":"<p><strong>Lote de Navidad CM2 compuesto por:<\/strong><\/p>\n<p>1 bot. Vino blanco Rebuf (D.O. Montsant)<br \/>\n1 bot. Vino tinto Miloca Cari\u00f1ena (D.O. Montsant)<br \/>\n1 bot. Vermut Artesano Priorat Natur 375ml<br \/>\n1 estuche Bomb\u00f3n Almendra Cacao 80g<br \/>\n1 estuche Barquillos Artesanos de Pasteler\u00eda<br \/>\n1 pieza Longaniza Artesana l\u2019Obrador 300g<br \/>\n1 bote Aceitunas Negras Empeltre 210g<br \/>\n1 bote Avellana Negreta Tostada 120g<br \/>\n1 bote Nueces Caramelizadas 120g<br \/>\n1 estuche Carqui\u00f1oles Artesanos de Pasteler\u00eda L\u00f3pez  <\/p>\n<p><strong>Presentaci\u00f3n<\/strong>: Caja de cart\u00f3n con dise\u00f1o Priorat Natur.<\/p>\n","protected":false},"featured_media":19601,"comment_status":"closed","ping_status":"closed","template":"","meta":{"_acf_changed":false,"inline_featured_image":false},"product_brand":[],"product_cat":[59],"product_tag":[168,170,262],"class_list":{"0":"post-19675","1":"product","2":"type-product","3":"status-publish","4":"has-post-thumbnail","6":"product_cat-lotes-de-navidad","7":"product_tag-caja-de-carton","8":"product_tag-de-50-a-100e","9":"product_tag-lotes-de-navidad","11":"first","12":"instock","13":"taxable","14":"shipping-taxable","15":"purchasable","16":"product-type-simple"},"acf":[],"_links":{"self":[{"href":"https:\/\/prioratnatur.com\/es\/wp-json\/wp\/v2\/product\/19675","targetHints":{"allow":["GET"]}}],"collection":[{"href":"https:\/\/prioratnatur.com\/es\/wp-json\/wp\/v2\/product"}],"about":[{"href":"https:\/\/prioratnatur.com\/es\/wp-json\/wp\/v2\/types\/product"}],"replies":[{"embeddable":true,"href":"https:\/\/prioratnatur.com\/es\/wp-json\/wp\/v2\/comments?post=19675"}],"version-history":[{"count":1,"href":"https:\/\/prioratnatur.com\/es\/wp-json\/wp\/v2\/product\/19675\/revisions"}],"predecessor-version":[{"id":19677,"href":"https:\/\/prioratnatur.com\/es\/wp-json\/wp\/v2\/product\/19675\/revisions\/19677"}],"wp:featuredmedia":[{"embeddable":true,"href":"https:\/\/prioratnatur.com\/es\/wp-json\/wp\/v2\/media\/19601"}],"wp:attachment":[{"href":"https:\/\/prioratnatur.com\/es\/wp-json\/wp\/v2\/media?parent=19675"}],"wp:term":[{"taxonomy":"product_brand","embeddable":true,"href":"https:\/\/prioratnatur.com\/es\/wp-json\/wp\/v2\/product_brand?post=19675"},{"taxonomy":"product_cat","embeddable":true,"href":"https:\/\/prioratnatur.com\/es\/wp-json\/wp\/v2\/product_cat?post=19675"},{"taxonomy":"product_tag","embeddable":true,"href":"https:\/\/prioratnatur.com\/es\/wp-json\/wp\/v2\/product_tag?post=19675"}],"curies":[{"name":"wp","href":"https:\/\/api.w.org\/{rel}","templated":true}]}}