{"id":19665,"date":"2025-09-25T09:36:16","date_gmt":"2025-09-25T09:36:16","guid":{"rendered":"https:\/\/prioratnatur.com\/cesta-de-navidad-regalo-8\/"},"modified":"2026-01-25T14:40:59","modified_gmt":"2026-01-25T14:40:59","slug":"cesta-de-navidad-regalo-8","status":"publish","type":"product","link":"https:\/\/prioratnatur.com\/es\/cesta-de-navidad-regalo-8\/","title":{"rendered":"Cesta de Navidad regalo 8"},"content":{"rendered":"","protected":false},"excerpt":{"rendered":"<p><strong>Lote de Navidad regalo 8 compuesto por:<\/strong><\/p>\n<p>1 bot. Vermut Artesano Priorat Natur 375ml<br \/>\n1 bot. Vino tinto Ser\u00e8 (D.O. Montsant)<x id=\"gid_1\"><\/x>1 bot. Vino blanco Rebuf (D.O. Montsant)<br \/>\n1 bot.   Cava Brut Real Gran Reserva Mastinell<br \/>\n1 amp. Aceite de Oliva Virgen Extra \u00abNeus\u00bb 500ml<br \/>\n1 bote Almendra Marcona Garrapi\u00f1ada 120g<br \/>\n1 bote Avellana Negreta Garrapi\u00f1ada 120g<br \/>\n1 bote Almendra Marcona Salada 120g<br \/>\n1 barra de Turr\u00f3n Cat\u00e0nies Xoco-dark Cudi\u00e9 200g<br \/>\n1 estuche Bomb\u00f3n Almendra Marcona Glac\u00e9 80g<br \/>\n1 estuche Barquillos Artesanos de Pasteler\u00eda<br \/>\n1 estuche Galletas Artesanas de Pasteler\u00eda L\u00f3pez<br \/>\n1 bote Aceitunas Partidas 210g<\/p>\n<p><strong>Presentaci\u00f3n:<\/strong> Cesta v\u00edmet natural.<\/p>\n","protected":false},"featured_media":19567,"comment_status":"closed","ping_status":"closed","template":"","meta":{"_acf_changed":false,"inline_featured_image":false},"product_brand":[],"product_cat":[59],"product_tag":[219,332,262,268,261],"class_list":{"0":"post-19665","1":"product","2":"type-product","3":"status-publish","4":"has-post-thumbnail","6":"product_cat-lotes-de-navidad","7":"product_tag-cesta","8":"product_tag-loteestrella","9":"product_tag-lotes-de-navidad","10":"product_tag-mas-de-100e","11":"product_tag-regalos","13":"first","14":"instock","15":"taxable","16":"shipping-taxable","17":"purchasable","18":"product-type-simple"},"acf":[],"_links":{"self":[{"href":"https:\/\/prioratnatur.com\/es\/wp-json\/wp\/v2\/product\/19665","targetHints":{"allow":["GET"]}}],"collection":[{"href":"https:\/\/prioratnatur.com\/es\/wp-json\/wp\/v2\/product"}],"about":[{"href":"https:\/\/prioratnatur.com\/es\/wp-json\/wp\/v2\/types\/product"}],"replies":[{"embeddable":true,"href":"https:\/\/prioratnatur.com\/es\/wp-json\/wp\/v2\/comments?post=19665"}],"version-history":[{"count":2,"href":"https:\/\/prioratnatur.com\/es\/wp-json\/wp\/v2\/product\/19665\/revisions"}],"predecessor-version":[{"id":21066,"href":"https:\/\/prioratnatur.com\/es\/wp-json\/wp\/v2\/product\/19665\/revisions\/21066"}],"wp:featuredmedia":[{"embeddable":true,"href":"https:\/\/prioratnatur.com\/es\/wp-json\/wp\/v2\/media\/19567"}],"wp:attachment":[{"href":"https:\/\/prioratnatur.com\/es\/wp-json\/wp\/v2\/media?parent=19665"}],"wp:term":[{"taxonomy":"product_brand","embeddable":true,"href":"https:\/\/prioratnatur.com\/es\/wp-json\/wp\/v2\/product_brand?post=19665"},{"taxonomy":"product_cat","embeddable":true,"href":"https:\/\/prioratnatur.com\/es\/wp-json\/wp\/v2\/product_cat?post=19665"},{"taxonomy":"product_tag","embeddable":true,"href":"https:\/\/prioratnatur.com\/es\/wp-json\/wp\/v2\/product_tag?post=19665"}],"curies":[{"name":"wp","href":"https:\/\/api.w.org\/{rel}","templated":true}]}}